{"id":70012,"date":"2013-10-22T10:58:51","date_gmt":"2013-10-22T07:58:51","guid":{"rendered":"http:\/\/www.kirjastokaista.fi\/kartalla-2\/"},"modified":"2018-02-12T15:48:46","modified_gmt":"2018-02-12T13:48:46","slug":"kartalla","status":"publish","type":"page","link":"https:\/\/www.kirjastokaista.fi\/sv\/kartalla\/","title":{"rendered":"Program p\u00e5 kartan"},"content":{"rendered":"<p>P\u00e5 kartan hittar du de orter d\u00e4r programmen spelats in.<br \/>\nKlicka p\u00e5 markeringarna f\u00f6r att f\u00e5 en lista p\u00e5 de program som gjorts p\u00e5 respektive ort.<\/p>\n<style type=\"text\/css\">\r\n       .errordiv { padding:10px; margin:10px; border: 1px solid #555555;color: #000000;background-color: #f8f8f8; width:500px; }#advanced_iframe {visibility:visible;opacity:1;vertical-align:top;}.ai-info-bottom-iframe { position: fixed; z-index: 10000; bottom:0; left: 0; margin: 0px; text-align: center; width: 100%; background-color: #ff9999; padding-left: 5px;padding-bottom: 5px; border-top: 1px solid #aaa } a.ai-bold {font-weight: bold;}#ai-layer-div-advanced_iframe p {height:100%;margin:0;padding:0}<\/style><script type=\"text\/javascript\">var ai_iframe_width_advanced_iframe = 0;var ai_iframe_height_advanced_iframe = 0;var aiIsIe8=false;var aiOnloadScrollTop=\"true\";var aiShowDebug=false;\r\n\t\tif (typeof aiReadyCallbacks === 'undefined') {\r\n\t\t\tvar aiReadyCallbacks = [];  \r\n\t\t} else if (!(aiReadyCallbacks instanceof Array)) {\r\n\t\t\tvar aiReadyCallbacks = [];\r\n\t\t}    function aiShowIframeId(id_iframe) { jQuery(\"#\"+id_iframe).css(\"visibility\", \"visible\");    }    function aiResizeIframeHeight(height) { aiResizeIframeHeight(height,advanced_iframe); }    function aiResizeIframeHeightId(height,width,id) {aiResizeIframeHeightById(id,height);}<\/script><iframe id=\"advanced_iframe\"  name=\"advanced_iframe\"  src=\"\/kartta\/maps-fi.html\"  width=\"100%\"  height=\"400\"  scrolling=\"no\"  frameborder=\"0\"  allowtransparency=\"true\"  loading=\"lazy\"  style=\";width:100%;height:400px;\" ><\/iframe><script type=\"text\/javascript\">var ifrm_advanced_iframe = document.getElementById(\"advanced_iframe\");var hiddenTabsDoneadvanced_iframe = false;\r\nfunction resizeCallbackadvanced_iframe() {}<\/script><script type=\"text\/javascript\"><\/script>\n","protected":false},"excerpt":{"rendered":"<p>P\u00e5 kartan hittar du de orter d\u00e4r programmen spelats in. Klicka p\u00e5 markeringarna f\u00f6r att f\u00e5 en lista p\u00e5 de program som gjorts p\u00e5 respektive ort.<\/p>\n","protected":false},"author":3,"featured_media":0,"parent":0,"menu_order":0,"comment_status":"open","ping_status":"closed","template":"page-full-width.php","meta":{"footnotes":""},"class_list":["post-70012","page","type-page","status-publish","hentry"],"yoast_head":"<!-- This site is optimized with the Yoast SEO plugin v23.8 - https:\/\/yoast.com\/wordpress\/plugins\/seo\/ -->\n<title>Program p\u00e5 kartan - Kirjastokaista<\/title>\n<meta name=\"description\" content=\"Bibliotekskanalens program p\u00e5 kartan. P\u00e5 kartan hittar du de orter d\u00e4r programmen spelats in.\" \/>\n<meta name=\"robots\" content=\"index, follow, max-snippet:-1, max-image-preview:large, max-video-preview:-1\" \/>\n<link rel=\"canonical\" href=\"http:\/\/www.kirjastokaista.fi\/sv\/kartalla\/\" \/>\n<meta property=\"og:locale\" content=\"fi_FI\" \/>\n<meta property=\"og:type\" content=\"article\" \/>\n<meta property=\"og:title\" content=\"Program p\u00e5 kartan - Kirjastokaista\" \/>\n<meta property=\"og:description\" content=\"Bibliotekskanalens program p\u00e5 kartan. P\u00e5 kartan hittar du de orter d\u00e4r programmen spelats in.\" \/>\n<meta property=\"og:url\" content=\"http:\/\/www.kirjastokaista.fi\/sv\/kartalla\/\" \/>\n<meta property=\"og:site_name\" content=\"Kirjastokaista\" \/>\n<meta property=\"article:modified_time\" content=\"2018-02-12T13:48:46+00:00\" \/>\n<script type=\"application\/ld+json\" class=\"yoast-schema-graph\">{\"@context\":\"https:\/\/schema.org\",\"@graph\":[{\"@type\":\"WebPage\",\"@id\":\"http:\/\/www.kirjastokaista.fi\/sv\/kartalla\/\",\"url\":\"http:\/\/www.kirjastokaista.fi\/sv\/kartalla\/\",\"name\":\"Program p\u00e5 kartan - Kirjastokaista\",\"isPartOf\":{\"@id\":\"https:\/\/www.kirjastokaista.fi\/#website\"},\"datePublished\":\"2013-10-22T07:58:51+00:00\",\"dateModified\":\"2018-02-12T13:48:46+00:00\",\"description\":\"Bibliotekskanalens program p\u00e5 kartan. P\u00e5 kartan hittar du de orter d\u00e4r programmen spelats in.\",\"breadcrumb\":{\"@id\":\"http:\/\/www.kirjastokaista.fi\/sv\/kartalla\/#breadcrumb\"},\"inLanguage\":\"fi\",\"potentialAction\":[{\"@type\":\"ReadAction\",\"target\":[\"http:\/\/www.kirjastokaista.fi\/sv\/kartalla\/\"]}]},{\"@type\":\"BreadcrumbList\",\"@id\":\"http:\/\/www.kirjastokaista.fi\/sv\/kartalla\/#breadcrumb\",\"itemListElement\":[{\"@type\":\"ListItem\",\"position\":1,\"name\":\"Etusivu\",\"item\":\"https:\/\/www.kirjastokaista.fi\/\"},{\"@type\":\"ListItem\",\"position\":2,\"name\":\"Program p\u00e5 kartan\"}]},{\"@type\":\"WebSite\",\"@id\":\"https:\/\/www.kirjastokaista.fi\/#website\",\"url\":\"https:\/\/www.kirjastokaista.fi\/\",\"name\":\"Kirjastokaista\",\"description\":\"LIBRARY CHANNEL \u2014 Library WebTV\",\"potentialAction\":[{\"@type\":\"SearchAction\",\"target\":{\"@type\":\"EntryPoint\",\"urlTemplate\":\"https:\/\/www.kirjastokaista.fi\/?s={search_term_string}\"},\"query-input\":{\"@type\":\"PropertyValueSpecification\",\"valueRequired\":true,\"valueName\":\"search_term_string\"}}],\"inLanguage\":\"fi\"}]}<\/script>\n<!-- \/ Yoast SEO plugin. -->","yoast_head_json":{"title":"Program p\u00e5 kartan - Kirjastokaista","description":"Bibliotekskanalens program p\u00e5 kartan. P\u00e5 kartan hittar du de orter d\u00e4r programmen spelats in.","robots":{"index":"index","follow":"follow","max-snippet":"max-snippet:-1","max-image-preview":"max-image-preview:large","max-video-preview":"max-video-preview:-1"},"canonical":"http:\/\/www.kirjastokaista.fi\/sv\/kartalla\/","og_locale":"fi_FI","og_type":"article","og_title":"Program p\u00e5 kartan - Kirjastokaista","og_description":"Bibliotekskanalens program p\u00e5 kartan. P\u00e5 kartan hittar du de orter d\u00e4r programmen spelats in.","og_url":"http:\/\/www.kirjastokaista.fi\/sv\/kartalla\/","og_site_name":"Kirjastokaista","article_modified_time":"2018-02-12T13:48:46+00:00","schema":{"@context":"https:\/\/schema.org","@graph":[{"@type":"WebPage","@id":"http:\/\/www.kirjastokaista.fi\/sv\/kartalla\/","url":"http:\/\/www.kirjastokaista.fi\/sv\/kartalla\/","name":"Program p\u00e5 kartan - Kirjastokaista","isPartOf":{"@id":"https:\/\/www.kirjastokaista.fi\/#website"},"datePublished":"2013-10-22T07:58:51+00:00","dateModified":"2018-02-12T13:48:46+00:00","description":"Bibliotekskanalens program p\u00e5 kartan. P\u00e5 kartan hittar du de orter d\u00e4r programmen spelats in.","breadcrumb":{"@id":"http:\/\/www.kirjastokaista.fi\/sv\/kartalla\/#breadcrumb"},"inLanguage":"fi","potentialAction":[{"@type":"ReadAction","target":["http:\/\/www.kirjastokaista.fi\/sv\/kartalla\/"]}]},{"@type":"BreadcrumbList","@id":"http:\/\/www.kirjastokaista.fi\/sv\/kartalla\/#breadcrumb","itemListElement":[{"@type":"ListItem","position":1,"name":"Etusivu","item":"https:\/\/www.kirjastokaista.fi\/"},{"@type":"ListItem","position":2,"name":"Program p\u00e5 kartan"}]},{"@type":"WebSite","@id":"https:\/\/www.kirjastokaista.fi\/#website","url":"https:\/\/www.kirjastokaista.fi\/","name":"Kirjastokaista","description":"LIBRARY CHANNEL \u2014 Library WebTV","potentialAction":[{"@type":"SearchAction","target":{"@type":"EntryPoint","urlTemplate":"https:\/\/www.kirjastokaista.fi\/?s={search_term_string}"},"query-input":{"@type":"PropertyValueSpecification","valueRequired":true,"valueName":"search_term_string"}}],"inLanguage":"fi"}]}},"_links":{"self":[{"href":"https:\/\/www.kirjastokaista.fi\/wp-json\/wp\/v2\/pages\/70012","targetHints":{"allow":["GET"]}}],"collection":[{"href":"https:\/\/www.kirjastokaista.fi\/wp-json\/wp\/v2\/pages"}],"about":[{"href":"https:\/\/www.kirjastokaista.fi\/wp-json\/wp\/v2\/types\/page"}],"author":[{"embeddable":true,"href":"https:\/\/www.kirjastokaista.fi\/wp-json\/wp\/v2\/users\/3"}],"replies":[{"embeddable":true,"href":"https:\/\/www.kirjastokaista.fi\/wp-json\/wp\/v2\/comments?post=70012"}],"version-history":[{"count":1,"href":"https:\/\/www.kirjastokaista.fi\/wp-json\/wp\/v2\/pages\/70012\/revisions"}],"predecessor-version":[{"id":375204,"href":"https:\/\/www.kirjastokaista.fi\/wp-json\/wp\/v2\/pages\/70012\/revisions\/375204"}],"wp:attachment":[{"href":"https:\/\/www.kirjastokaista.fi\/wp-json\/wp\/v2\/media?parent=70012"}],"curies":[{"name":"wp","href":"https:\/\/api.w.org\/{rel}","templated":true}]}}