{"id":70010,"date":"2013-10-22T15:27:36","date_gmt":"2013-10-22T12:27:36","guid":{"rendered":"http:\/\/www.kirjastokaista.fi\/tietoa-kirjastokaistasta-2\/"},"modified":"2025-01-02T12:06:43","modified_gmt":"2025-01-02T10:06:43","slug":"om-kirjastokaista","status":"publish","type":"page","link":"https:\/\/www.kirjastokaista.fi\/sv\/om-kirjastokaista\/","title":{"rendered":"Om Bibliotekskanalen"},"content":{"rendered":"\n<figure class=\"wp-block-image size-large\"><a href=\"http:\/\/www.kirjastokaista.fi\/app\/uploads\/2022\/02\/Kirjastokaista_info.png\"><img loading=\"lazy\" decoding=\"async\" width=\"771\" height=\"387\" src=\"http:\/\/www.kirjastokaista.fi\/app\/uploads\/2022\/02\/Kirjastokaista_info.png\" alt=\"Kolme henkil\u00f6\u00e4 selin kameraan Kirjastokaista-hupparit p\u00e4\u00e4ll\u00e4\u00e4n.\" class=\"wp-image-399326\" srcset=\"https:\/\/www.kirjastokaista.fi\/app\/uploads\/2022\/02\/Kirjastokaista_info.png 771w, https:\/\/www.kirjastokaista.fi\/app\/uploads\/2022\/02\/Kirjastokaista_info-300x151.png 300w, https:\/\/www.kirjastokaista.fi\/app\/uploads\/2022\/02\/Kirjastokaista_info-768x385.png 768w\" sizes=\"auto, (max-width: 771px) 100vw, 771px\" \/><\/a><\/figure>\n\n\n\n<br>\n<h2>Allm\u00e4nt<\/h2>\n<p>Bibliotekskanalen (Kirjastokaista) \u00e4r en del av helheten Biblioteken.fi (Kirjastot.fi), som \u00e4r en ing\u00e5ng till alla bibliotekstj\u00e4nster. P\u00e5 Bibliotekskanalen hittar du videoprogram om litteratur, f\u00f6rfattare, bibliotek och bibliotekens tj\u00e4nster. Bibliotekskanalen bidrar genom sina program till att fr\u00e4mja l\u00e4sning, samt presenterar och marknadsf\u00f6r bibliotekens tj\u00e4nster och aktuella \u00e4mnen. Dessutom fungerar Bibliotekskanalen som utbildningskanal f\u00f6r bl.a. biblioteksanst\u00e4llda, branschens studerande och l\u00e4rare.<\/p>\n<p>Du kan fritt dela och b\u00e4dda in v\u00e5ra program p\u00e5 olika sidor och bloggar och visa dem p\u00e5 tillst\u00e4llningar och lektioner s\u00e5v\u00e4l i Finland som utomlands. Programmens publiceringstid \u00e4r inte begr\u00e4nsad utan du kan titta och lyssna p\u00e5 dem utan begr\u00e4nsningar.<\/p>\n<p><a href=\"http:\/\/creativecommons.org\/licenses\/by-nc-sa\/4.0\/\" class=\"no-ext-icon\" rel=\"license\"><img decoding=\"async\" style=\"border-width: 0;\" src=\"https:\/\/i.creativecommons.org\/l\/by-nc-sa\/4.0\/88x31.png\" alt=\"Creative Commons -lisenssi\"><br>\n<\/a><\/p>\n<p>Alla v\u00e5ra program \u00e4r licenserade med <a href=\"https:\/\/creativecommons.fi\">Creative Commons<\/a>  -licens.<br><\/p><p><br><\/p>\n\n<h2>Teknisk information<\/h2>\n<p>Webbplatsen Bibliotekskanalen.fi \u00e4r byggd p\u00e5 en WordPress-plattform. Bibliotekskanalen anv\u00e4nder Vimeo som lagringstj\u00e4nst. Fr\u00e5n Vimeo h\u00e4mtas videorna till webbplatsen Bibliotekskanalen.fi. Audiofilerna lagras i tj\u00e4nsten SoundCloud, varifr\u00e5n de h\u00e4mtas till Bibliotekskanalen.fi. Du kan titta p\u00e5 Bibliotekskanalens videor ocks\u00e5 direkt i <a style=\"color: #21759b;\" href=\"http:\/\/vimeo.com\/kirjastokaista\">Vimeo<\/a>&nbsp;och lyssna p\u00e5 audiofilerna i <a style=\"color: #21759b;\" href=\"https:\/\/soundcloud.com\/kirjastokaista\">SoundCloud<\/a>. Bibliotekskanalen har ocks\u00e5 en  <a href=\"https:\/\/www.youtube.com\/user\/Kirjastokaista\">YouTube-kanal<\/a>&nbsp;d\u00e4r du hittar ett litet urval av v\u00e5r produktion.<\/p>\n<p>Bibliotekskanalen g\u00f6r ocks\u00e5 direkts\u00e4ndningar som flerkameraproduktion. Vid streaming anv\u00e4nder Bibliotekskanalen <a href=\"href=\"http:\/\/vimeo.com\/kirjastokaista\">Vimeo<\/a>&nbsp;som plattform. S\u00e4ndningarna kan f\u00f6ljas p\u00e5 <a href=\"https:\/\/www.kirjastokaista.fi\/sv\/live\/\"> Bibliotekskanalens Live-sida<\/a>.<\/p>\n\n<p>Videorna finns som SD-, HD- och mobilversioner och de kan ses med s\u00e5 gott som alla apparater som kan spela upp Flash- eller HTML-videor.<br><\/p><p><br><\/p>\n\n<h2>Ansvarspersoner<\/h2>\n<p><strong>Ansvariga f\u00f6r Bibliotekskanalen<br>\n<\/strong>Riitta Taarasti, Bibliotekskanalen: producent, redakt\u00f6r<br>\nJoonas Nevalainen, Bibliotekskanalen: kameraman, redigerare, regiss\u00f6r<br>\nMikko Helander, Bibliotekskanalen: kameraman, redigerare, regiss\u00f6r<br>\n<a href=\"https:\/\/www.kirjastokaista.fi\/sv\/kontaktuppgifter\/\"> Kontaktuppgifter\n<\/a><\/p><br>\n<p><strong>Anst\u00e4llda vid Kirjastot.fi och Biblioteken.fi som assisterar Bibliotekskanalen<br>\n<\/strong>Anna-Maria Malm, Biblioteken.fi: redigering av svenskspr\u00e5kiga program och \u00f6vers\u00e4ttningar<br>\nHarri Oksanen, Kirjastot.fi:&nbsp;anv\u00e4ndargr\u00e4nssnittets grafiska utveckling<\/p><br><\/p><p><\/p>\n\n<h2>Bakgrund<\/h2>\n\n<p>Verksamheten b\u00f6rjade som projektet Kirjastokanava 1.10.2009 tillsammans med Kuntakanava (numera Kunta.TV). Pilotskedets f\u00f6rsta gr\u00e4nssnitt publicerades 12.11.2009. P\u00e5 sidan publicerades videor med tonvikt p\u00e5 presentationer av nya b\u00f6cker och f\u00f6rfattarintervjuer. Intervjuerna gjordes av redakt\u00f6rerna Seppo Toivonen, Karo H\u00e4m\u00e4l\u00e4inen och Riitta Taarasti.<\/p>\n<p>Efter pilotskedet med Kuntakanava fortsatte projektet in i den nuvarande produktionsfasen i och med ett nytt anv\u00e4ndargr\u00e4nssnitt och ett nytt namn f\u00f6r tj\u00e4nsten: Kirjastokaista. Kirjastokaista publicerades 29.3.2010. Planerare Jonni Tammisto, grafiker Harri Oksanen och redakt\u00f6r Riitta Taarasti ansvarade f\u00f6r planering och produktion av webbplatsen. Tack vare publiceringen av Kirjastokaista fick vi bibliotekens video- och radioproduktion samlat i en n\u00e4ttj\u00e4nst d\u00e4r programmen \u00e4r l\u00e4tt att hitta, anv\u00e4nda och dela. Bibliotekskanalens webbplats utvecklas kontinuerligt vid sidan av programproduktionen.<\/p>\n<p>Bibliotekskanalen produceras med hj\u00e4lp av medel som undervisnings- och kulturministeriet beviljar Biblioteken.fi.<br><\/p><p><br><\/p>\n\n<h2>Tillg\u00e4nglighetsutl\u00e5tande <\/h2>\n\n<p>V\u00e4lkommen, det h\u00e4r \u00e4r tillg\u00e4nglighetsutl\u00e5tandet f\u00f6r enheten f\u00f6r nationella utvecklingstj\u00e4nster vid Helsingfors stadsbibliotek.\nDen h\u00e4r webbplatsen omfattas av <a href=\"https:\/\/www.finlex.fi\/sv\/laki\/alkup\/2019\/20190306\">lagen om tillhandah\u00e5llande av digitala tj\u00e4nster<\/a> och dess krav p\u00e5 att offentliga webbplatser m\u00e5ste vara tillg\u00e4ngliga.\nDet h\u00e4r tillg\u00e4nglighetsutl\u00e5tandet g\u00e4ller webbplatsen <a href=\"http:\/\/www.kirjastokaista.fi\">http:\/\/www.kirjastokaista.fi<\/a> och har uppr\u00e4ttats 23.4.2020. Annanpura Oy har utv\u00e4rderat denna digitala tj\u00e4nsts tillg\u00e4nglighet.<\/p>\n<h2>Tillg\u00e4nglighetsstatus f\u00f6r den digitala tj\u00e4nsten<\/h2>\n<p>Uppfyller de kritiska A &amp; AA-kraven.<\/p>\n<h2>Icke-tillg\u00e4ngligt inneh\u00e5ll i den digitala tj\u00e4nsten (enligt WCAG-kriterierna)<\/h2>\n<p>Webbplatsen inneh\u00e5ller inb\u00e4ddade videor. De videospelare fr\u00e5n tredje part som anv\u00e4nds f\u00f6r att spela upp videorna \u00e4r n\u00f6dv\u00e4ndigtvis inte till alla delar tillg\u00e4ngliga, t.ex. en del av knapparnas alt-texter kan vara engelskspr\u00e5kiga. Videor som publicerats f\u00f6re den 23.9.2020 saknar i huvudsak textning.<\/p>\n<h2>Hittade du brister i tillg\u00e4ngligheten i v\u00e5r digitala tj\u00e4nst? Ber\u00e4tta det f\u00f6r oss, s\u00e5 g\u00f6r vi v\u00e5rt b\u00e4sta f\u00f6r att reparera bristerna<\/h2>\n<p>Du kan skicka respons om tillg\u00e4ngligheten via Biblioteken.fi:s gemensamma responsformul\u00e4r, som finns utanf\u00f6r den h\u00e4r webbplatsen: ge din respons om tillg\u00e4ngligheten via det h\u00e4r webbformul\u00e4ret: <a href=\"https:\/\/www.biblioteken.fi\/feedback\/kirjastokaista?accessibility\">ge din respons om tillg\u00e4ngligheten via det h\u00e4r webbformul\u00e4ret<\/a>.<\/p>\n<p>Du kan ocks\u00e5 skicka respons till e-postadressen <a href=\"mailto:redaktionen@biblioteken.fi\">redaktionen@biblioteken.fi<\/a>.<\/p>\n<h2>Tillsynsmyndigheten<\/h2>\n<p>Om du noterar tillg\u00e4nglighetsproblem p\u00e5 webbplatsen, l\u00e4mna f\u00f6rst respons till webbplatsens administrat\u00f6r. Svaret kan dr\u00f6ja 14 dagar. Om du inte \u00e4r n\u00f6jd med svaret eller om du inte har f\u00e5tt n\u00e5got svar efter tv\u00e5 veckor, kan du l\u00e4mna respons till Transport- och kommunikationsverket Traficoms enheten f\u00f6r tillsyn \u00f6ver digital tillg\u00e4nglighet. P\u00e5 Transport- och kommunikationsverket Traficoms webbplats tillg\u00e4nglighetskrav.fi finns information om hur du l\u00e4mnar in ett klagom\u00e5l och hur \u00e4rendet handl\u00e4ggs.<\/p>\n\n<h3>Tillsynsmyndighetens kontaktuppgifter:<\/h3>\n<p>Transport- och kommunikationsverket Traficom<br>Tillsyn \u00f6ver digital tillg\u00e4nglighet<br><a href=\"https:\/\/www.tillg\u00e4nglighetskrav.fi\">http:\/\/www.tillg\u00e4nglighetskrav.fi<\/a><br><a href=\"mailto:webbtillganglighet@traficom.fi\">webbtillganglighet@traficom.fi<\/a><br>telefonnummer till v\u00e4xeln 029 534 5000<\/p>\n\n\n\n<script>\njQuery(document).ready(function($) {  \n  $(\"ul.progression-toggle li\").click(function(){\n    $(this).attr(\"aria-expanded\", function(i, attr) {\n      return attr == \"false\" ? \"true\" : \"false\";\n    });\n  });\n  $(\"ul.progression-toggle li\").keypress(function (e) {\n    var key = e.which;\n    if(key == 13)  \/\/ the enter key code\n    {\n      $(this).toggleClass(\"progression_active\");\n      $(this).next(\".div_progression_toggle\").stop(true, true).slideToggle(\"normal\");\n      $(this).attr(\"aria-expanded\", function(i, attr) {\n        return attr == \"false\" ? \"true\" : \"false\";\n      });\n    }\n  });\n});\n<\/script>\n","protected":false},"excerpt":{"rendered":"<p>Allm\u00e4nt Bibliotekskanalen (Kirjastokaista) \u00e4r en del av helheten Biblioteken.fi (Kirjastot.fi), som \u00e4r en ing\u00e5ng till alla bibliotekstj\u00e4nster. P\u00e5 Bibliotekskanalen hittar du videoprogram om litteratur, f\u00f6rfattare, bibliotek och bibliotekens tj\u00e4nster. Bibliotekskanalen [&hellip;]<\/p>\n","protected":false},"author":3,"featured_media":0,"parent":0,"menu_order":0,"comment_status":"open","ping_status":"closed","template":"","meta":{"footnotes":""},"class_list":["post-70010","page","type-page","status-publish","hentry"],"yoast_head":"<!-- This site is optimized with the Yoast SEO plugin v23.8 - https:\/\/yoast.com\/wordpress\/plugins\/seo\/ -->\n<title>Om Bibliotekskanalen - Kirjastokaista<\/title>\n<meta name=\"description\" content=\"Om Bibliotekskanalen. P\u00e5 Bibliotekskanalen hittar du videoprogram om litteratur, f\u00f6rfattare, bibliotek och bibliotekens tj\u00e4nster. Bibliotekskanalen bidrar genom sina program till att fr\u00e4mja l\u00e4sning, samt presenterar och marknadsf\u00f6r bibliotekens tj\u00e4nster och aktuella \u00e4mnen.\" \/>\n<meta name=\"robots\" content=\"index, follow, max-snippet:-1, max-image-preview:large, max-video-preview:-1\" \/>\n<link rel=\"canonical\" href=\"https:\/\/www.kirjastokaista.fi\/sv\/om-kirjastokaista\/\" \/>\n<meta property=\"og:locale\" content=\"fi_FI\" \/>\n<meta property=\"og:type\" content=\"article\" \/>\n<meta property=\"og:title\" content=\"Om Bibliotekskanalen - Kirjastokaista\" \/>\n<meta property=\"og:description\" content=\"Om Bibliotekskanalen. P\u00e5 Bibliotekskanalen hittar du videoprogram om litteratur, f\u00f6rfattare, bibliotek och bibliotekens tj\u00e4nster. Bibliotekskanalen bidrar genom sina program till att fr\u00e4mja l\u00e4sning, samt presenterar och marknadsf\u00f6r bibliotekens tj\u00e4nster och aktuella \u00e4mnen.\" \/>\n<meta property=\"og:url\" content=\"https:\/\/www.kirjastokaista.fi\/sv\/om-kirjastokaista\/\" \/>\n<meta property=\"og:site_name\" content=\"Kirjastokaista\" \/>\n<meta property=\"article:modified_time\" content=\"2025-01-02T10:06:43+00:00\" \/>\n<meta property=\"og:image\" content=\"https:\/\/www.kirjastokaista.fi\/app\/uploads\/2022\/02\/Kirjastokaista_info.png\" \/>\n\t<meta property=\"og:image:width\" content=\"771\" \/>\n\t<meta property=\"og:image:height\" content=\"387\" \/>\n\t<meta property=\"og:image:type\" content=\"image\/png\" \/>\n<meta name=\"twitter:label1\" content=\"Est. reading time\" \/>\n\t<meta name=\"twitter:data1\" content=\"5 minutes\" \/>\n<script type=\"application\/ld+json\" class=\"yoast-schema-graph\">{\"@context\":\"https:\/\/schema.org\",\"@graph\":[{\"@type\":\"WebPage\",\"@id\":\"https:\/\/www.kirjastokaista.fi\/sv\/om-kirjastokaista\/\",\"url\":\"https:\/\/www.kirjastokaista.fi\/sv\/om-kirjastokaista\/\",\"name\":\"Om Bibliotekskanalen - Kirjastokaista\",\"isPartOf\":{\"@id\":\"https:\/\/www.kirjastokaista.fi\/#website\"},\"primaryImageOfPage\":{\"@id\":\"https:\/\/www.kirjastokaista.fi\/sv\/om-kirjastokaista\/#primaryimage\"},\"image\":{\"@id\":\"https:\/\/www.kirjastokaista.fi\/sv\/om-kirjastokaista\/#primaryimage\"},\"thumbnailUrl\":\"http:\/\/www.kirjastokaista.fi\/app\/uploads\/2022\/02\/Kirjastokaista_info.png\",\"datePublished\":\"2013-10-22T12:27:36+00:00\",\"dateModified\":\"2025-01-02T10:06:43+00:00\",\"description\":\"Om Bibliotekskanalen. P\u00e5 Bibliotekskanalen hittar du videoprogram om litteratur, f\u00f6rfattare, bibliotek och bibliotekens tj\u00e4nster. Bibliotekskanalen bidrar genom sina program till att fr\u00e4mja l\u00e4sning, samt presenterar och marknadsf\u00f6r bibliotekens tj\u00e4nster och aktuella \u00e4mnen.\",\"breadcrumb\":{\"@id\":\"https:\/\/www.kirjastokaista.fi\/sv\/om-kirjastokaista\/#breadcrumb\"},\"inLanguage\":\"fi\",\"potentialAction\":[{\"@type\":\"ReadAction\",\"target\":[\"https:\/\/www.kirjastokaista.fi\/sv\/om-kirjastokaista\/\"]}]},{\"@type\":\"ImageObject\",\"inLanguage\":\"fi\",\"@id\":\"https:\/\/www.kirjastokaista.fi\/sv\/om-kirjastokaista\/#primaryimage\",\"url\":\"http:\/\/www.kirjastokaista.fi\/app\/uploads\/2022\/02\/Kirjastokaista_info.png\",\"contentUrl\":\"http:\/\/www.kirjastokaista.fi\/app\/uploads\/2022\/02\/Kirjastokaista_info.png\"},{\"@type\":\"BreadcrumbList\",\"@id\":\"https:\/\/www.kirjastokaista.fi\/sv\/om-kirjastokaista\/#breadcrumb\",\"itemListElement\":[{\"@type\":\"ListItem\",\"position\":1,\"name\":\"Etusivu\",\"item\":\"https:\/\/www.kirjastokaista.fi\/\"},{\"@type\":\"ListItem\",\"position\":2,\"name\":\"Om Bibliotekskanalen\"}]},{\"@type\":\"WebSite\",\"@id\":\"https:\/\/www.kirjastokaista.fi\/#website\",\"url\":\"https:\/\/www.kirjastokaista.fi\/\",\"name\":\"Kirjastokaista\",\"description\":\"LIBRARY CHANNEL \u2014 Library WebTV\",\"potentialAction\":[{\"@type\":\"SearchAction\",\"target\":{\"@type\":\"EntryPoint\",\"urlTemplate\":\"https:\/\/www.kirjastokaista.fi\/?s={search_term_string}\"},\"query-input\":{\"@type\":\"PropertyValueSpecification\",\"valueRequired\":true,\"valueName\":\"search_term_string\"}}],\"inLanguage\":\"fi\"}]}<\/script>\n<!-- \/ Yoast SEO plugin. -->","yoast_head_json":{"title":"Om Bibliotekskanalen - Kirjastokaista","description":"Om Bibliotekskanalen. P\u00e5 Bibliotekskanalen hittar du videoprogram om litteratur, f\u00f6rfattare, bibliotek och bibliotekens tj\u00e4nster. Bibliotekskanalen bidrar genom sina program till att fr\u00e4mja l\u00e4sning, samt presenterar och marknadsf\u00f6r bibliotekens tj\u00e4nster och aktuella \u00e4mnen.","robots":{"index":"index","follow":"follow","max-snippet":"max-snippet:-1","max-image-preview":"max-image-preview:large","max-video-preview":"max-video-preview:-1"},"canonical":"https:\/\/www.kirjastokaista.fi\/sv\/om-kirjastokaista\/","og_locale":"fi_FI","og_type":"article","og_title":"Om Bibliotekskanalen - Kirjastokaista","og_description":"Om Bibliotekskanalen. P\u00e5 Bibliotekskanalen hittar du videoprogram om litteratur, f\u00f6rfattare, bibliotek och bibliotekens tj\u00e4nster. Bibliotekskanalen bidrar genom sina program till att fr\u00e4mja l\u00e4sning, samt presenterar och marknadsf\u00f6r bibliotekens tj\u00e4nster och aktuella \u00e4mnen.","og_url":"https:\/\/www.kirjastokaista.fi\/sv\/om-kirjastokaista\/","og_site_name":"Kirjastokaista","article_modified_time":"2025-01-02T10:06:43+00:00","og_image":[{"width":771,"height":387,"url":"https:\/\/www.kirjastokaista.fi\/app\/uploads\/2022\/02\/Kirjastokaista_info.png","type":"image\/png"}],"twitter_misc":{"Est. reading time":"5 minutes"},"schema":{"@context":"https:\/\/schema.org","@graph":[{"@type":"WebPage","@id":"https:\/\/www.kirjastokaista.fi\/sv\/om-kirjastokaista\/","url":"https:\/\/www.kirjastokaista.fi\/sv\/om-kirjastokaista\/","name":"Om Bibliotekskanalen - Kirjastokaista","isPartOf":{"@id":"https:\/\/www.kirjastokaista.fi\/#website"},"primaryImageOfPage":{"@id":"https:\/\/www.kirjastokaista.fi\/sv\/om-kirjastokaista\/#primaryimage"},"image":{"@id":"https:\/\/www.kirjastokaista.fi\/sv\/om-kirjastokaista\/#primaryimage"},"thumbnailUrl":"http:\/\/www.kirjastokaista.fi\/app\/uploads\/2022\/02\/Kirjastokaista_info.png","datePublished":"2013-10-22T12:27:36+00:00","dateModified":"2025-01-02T10:06:43+00:00","description":"Om Bibliotekskanalen. P\u00e5 Bibliotekskanalen hittar du videoprogram om litteratur, f\u00f6rfattare, bibliotek och bibliotekens tj\u00e4nster. Bibliotekskanalen bidrar genom sina program till att fr\u00e4mja l\u00e4sning, samt presenterar och marknadsf\u00f6r bibliotekens tj\u00e4nster och aktuella \u00e4mnen.","breadcrumb":{"@id":"https:\/\/www.kirjastokaista.fi\/sv\/om-kirjastokaista\/#breadcrumb"},"inLanguage":"fi","potentialAction":[{"@type":"ReadAction","target":["https:\/\/www.kirjastokaista.fi\/sv\/om-kirjastokaista\/"]}]},{"@type":"ImageObject","inLanguage":"fi","@id":"https:\/\/www.kirjastokaista.fi\/sv\/om-kirjastokaista\/#primaryimage","url":"http:\/\/www.kirjastokaista.fi\/app\/uploads\/2022\/02\/Kirjastokaista_info.png","contentUrl":"http:\/\/www.kirjastokaista.fi\/app\/uploads\/2022\/02\/Kirjastokaista_info.png"},{"@type":"BreadcrumbList","@id":"https:\/\/www.kirjastokaista.fi\/sv\/om-kirjastokaista\/#breadcrumb","itemListElement":[{"@type":"ListItem","position":1,"name":"Etusivu","item":"https:\/\/www.kirjastokaista.fi\/"},{"@type":"ListItem","position":2,"name":"Om Bibliotekskanalen"}]},{"@type":"WebSite","@id":"https:\/\/www.kirjastokaista.fi\/#website","url":"https:\/\/www.kirjastokaista.fi\/","name":"Kirjastokaista","description":"LIBRARY CHANNEL \u2014 Library WebTV","potentialAction":[{"@type":"SearchAction","target":{"@type":"EntryPoint","urlTemplate":"https:\/\/www.kirjastokaista.fi\/?s={search_term_string}"},"query-input":{"@type":"PropertyValueSpecification","valueRequired":true,"valueName":"search_term_string"}}],"inLanguage":"fi"}]}},"_links":{"self":[{"href":"https:\/\/www.kirjastokaista.fi\/wp-json\/wp\/v2\/pages\/70010","targetHints":{"allow":["GET"]}}],"collection":[{"href":"https:\/\/www.kirjastokaista.fi\/wp-json\/wp\/v2\/pages"}],"about":[{"href":"https:\/\/www.kirjastokaista.fi\/wp-json\/wp\/v2\/types\/page"}],"author":[{"embeddable":true,"href":"https:\/\/www.kirjastokaista.fi\/wp-json\/wp\/v2\/users\/3"}],"replies":[{"embeddable":true,"href":"https:\/\/www.kirjastokaista.fi\/wp-json\/wp\/v2\/comments?post=70010"}],"version-history":[{"count":42,"href":"https:\/\/www.kirjastokaista.fi\/wp-json\/wp\/v2\/pages\/70010\/revisions"}],"predecessor-version":[{"id":408721,"href":"https:\/\/www.kirjastokaista.fi\/wp-json\/wp\/v2\/pages\/70010\/revisions\/408721"}],"wp:attachment":[{"href":"https:\/\/www.kirjastokaista.fi\/wp-json\/wp\/v2\/media?parent=70010"}],"curies":[{"name":"wp","href":"https:\/\/api.w.org\/{rel}","templated":true}]}}