{"id":70008,"date":"2013-10-22T15:53:43","date_gmt":"2013-10-22T12:53:43","guid":{"rendered":"http:\/\/www.kirjastokaista.fi\/usein-kysytyt-kysymykset-2\/"},"modified":"2024-11-18T17:19:49","modified_gmt":"2024-11-18T15:19:49","slug":"vanliga-fragor-och-svar","status":"publish","type":"page","link":"https:\/\/www.kirjastokaista.fi\/sv\/vanliga-fragor-och-svar\/","title":{"rendered":"Vanliga fr\u00e5gor och svar"},"content":{"rendered":"\n<figure class=\"wp-block-image size-large\"><a href=\"http:\/\/www.kirjastokaista.fi\/app\/uploads\/2022\/02\/faq-1.jpg\"><img loading=\"lazy\" decoding=\"async\" width=\"771\" height=\"341\" src=\"http:\/\/www.kirjastokaista.fi\/app\/uploads\/2022\/02\/faq-1.jpg\" alt=\"Kirjastokaistan logo kysymysmerkkien ymp\u00e4r\u00f6im\u00e4n\u00e4.\" class=\"wp-image-399314\" srcset=\"https:\/\/www.kirjastokaista.fi\/app\/uploads\/2022\/02\/faq-1.jpg 771w, https:\/\/www.kirjastokaista.fi\/app\/uploads\/2022\/02\/faq-1-300x133.jpg 300w, https:\/\/www.kirjastokaista.fi\/app\/uploads\/2022\/02\/faq-1-768x340.jpg 768w\" sizes=\"auto, (max-width: 771px) 100vw, 771px\" \/><\/a><\/figure>\n\n\n\n<br>\n<h2>F\u00e5r Bibliotekskanalens videor b\u00e4ddas in p\u00e5 andra webbplatser?<\/h2>\n\n<p>Ja. Du kan fritt dela och b\u00e4dda in v\u00e5ra program p\u00e5 olika webbsidor, webbibliotek  och bloggar och visa dem p\u00e5 tillst\u00e4llningar och lektioner s\u00e5v\u00e4l i Finland som utomlands. Programmens publiceringstid \u00e4r inte begr\u00e4nsad utan du kan titta och lyssna p\u00e5 dem utan begr\u00e4nsningar. Bibliotekskanalen producerar program med <a href=\"https:\/\/creativecommons.fi\">Creative Commons\u2013licens<\/a>&nbsp;(CC BY-NC-SA). <br><\/p><p><br><\/p>\n\n<h2>Hur f\u00e5r jag Bibliotekskanalens program att synas p\u00e5 mina egna sidor?<\/h2>\n\n<p>I anslutning till varje video finns en Share-knapp. Klicka p\u00e5 den och sedan p\u00e5 knappen &lt;\/&gt;. Kopiera embed-koden. D\u00e5 du klistrat in koden du kopierat p\u00e5 din sida syns videon direkt p\u00e5 sidan.<\/p>\n<p>Om du vill att till exempel den nyaste videon av en viss serie automatiskt kommer till din sida, s\u00e5 kontakta oss. Vi skickar ett skript som du kan infoga p\u00e5 dina sidor. Efter det syns alltid den nyaste videon av serien ifr\u00e5ga automatiskt p\u00e5 dina sidor.<\/p>\n<p>Vi har gjort n\u00e5gra f\u00e4rdiga skript. Du hittar skripten f\u00f6r serierna Tre fr\u00e5gor om bibliotek, Sidosp\u00e5r boktrailers, Kolme kysymyst\u00e4 kirjastosta, Sivupiiri vinkkaa och aktuella finskspr\u00e5kiga litteraturprogam i Biblioteken.fi:s materialbank.<br>\n<a href=\"https:\/\/www.biblioteken.fi\/materiaalipankki\/427?kw=102\">Skripten<\/a><br><\/p><p><br><\/p>\n\n<h2>Hur kan jag dela Bibliotekskanalens videor i sociala medier?<\/h2>\n\n<p>Du kan l\u00e4tt dela programmen i till exempel Facebook och Twitter. I varje video p\u00e5 Bibliotekskanalen finns det uppe till h\u00f6ger en Share-knapp och dessutom har varje sida en Facebook och Twitter-ikon. Genom att klicka p\u00e5 ikonerna kan du dela programmen i de h\u00e4r tj\u00e4nsterna.<\/p>\n<p>Facebook st\u00f6der inte mer utomst\u00e5ende players. D\u00e4rf\u00f6r syns videor som delas i Facebook inte mera som videor utan som en bild + en l\u00e4nk till videon. Av korta videor som l\u00e4mpar sig f\u00f6r att dela p\u00e5 sociala medier g\u00f6r Bibliotekskanalen d\u00e4rf\u00f6r ocks\u00e5 Facebook-versioner, som utan problem kan delas p\u00e5 Facebook.<br>\n<a href=\"https:\/\/www.facebook.com\/kirjastokaista\/videos\">Bibliotekskanalens Facebook-videor<\/a><br><\/p><p><br><\/p>\n\n<h2>Hur kan jag f\u00e5 en video fr\u00e5n Bibliotekskanalen att visas non-stop t. ex. p\u00e5 bibliotekets infosk\u00e4rm?<\/h2>\n\n<p>Du kan anv\u00e4nda dig av en autoplay-kod f\u00f6r att f\u00e5 samma video att visas om och om igen. Nedan en kodmodell. Nummerserien i mitten av url-adressen \u00e4r videons ID. Kopiera url-adressen nedan och byt ut nummerserien till nummerserien f\u00f6r den video du vill visa, s\u00e5 visas videon fr\u00e5n b\u00f6rjan igen alltid d\u00e5 den tagit slut. Du hittar videons ID under Share-knappen uppe till h\u00f6ger p\u00e5 videon.<br>\n<a href=\"https:\/\/player.vimeo.com\/video\/237470557?autoplay=1&amp;loop=1&amp;title=0&amp;byline=0&amp;portrait=0\">https:\/\/player.vimeo.com\/video\/237470557?autoplay=1&#038;loop=1&#038;title=0&#038;byline=0&#038;portrait=0<\/a><br><\/p><p><br><\/p>\n<h2>Kan program som producerats av andra visas p\u00e5 Bibliotekskanalen?<\/h2>\n\n<p>Ja. Om du eller ditt bibliotek producerar videor eller podcasts, som ni skulle vilja att skulle synas p\u00e5 Bibliotekskanalen, s\u00e5 kontakta oss.<\/p>\n<p>Vi g\u00e5r igenom programmens inneh\u00e5ll och fr\u00e5gor r\u00f6rande upphovsr\u00e4tt. Om de st\u00e4mmer \u00f6verens med Bibliotekskanalens produktionspolicy \u00e4r programmen v\u00e4lkomna till Bibliotekskanalen.<\/p>\n<p>Ni kan leverera programmen till Bibliotekskanalen:<\/p>\n<p>a) antingen s\u00e5 att ni publicerar programmen i er egen kanal i Vimeo, Youtube eller SoundCloud och vi h\u00e4mtar dem d\u00e4rifr\u00e5n med import-script till Bibliotekskanalen. Ni kan till exempel skapa en Bibliotekskanalen-spellista i ert YouTube-konto och d\u00e4r f\u00f6ra in de videor i er produktion som ni vill ska synas i Bibliotekskanalen.<\/p>\n<p>b) eller s\u00e5 skickar ni programmen \u00e5t oss och vi sparar dem p\u00e5 Bibliotekskanalens Vimeo-konto, varifr\u00e5n de f\u00f6rs \u00f6ver till Bibliotekskanalen. Samma g\u00e4ller f\u00f6r audiofiler och podcasts i SoundCloud. <br><\/p><p><br><\/p>\n<h2>Hur ska vi g\u00f6ra f\u00f6r att f\u00e5 Bibliotekskanalen att komma och direkts\u00e4nda evenemang vi ordnar?<\/h2>\n\n<p>Bibliotekskanalen har m\u00f6jlighet att direkts\u00e4nda ca tv\u00e5 fortbildningsdagar eller andra evenemang i m\u00e5naden. Om du arrangerar ett evenemang som du tror att skulle intressera en st\u00f6rre publik och du vill att evenemanget ska kunna ses ocks\u00e5 i efterhand s\u00e5 l\u00e4s anvisningarna p\u00e5 v\u00e5r <a href=\"https:\/\/www.kirjastokaista.fi\/sv\/live\/\">Live-sida<\/a> och ta kontakt med oss.<\/p>\n<p>Vi f\u00f6rs\u00f6ker s\u00e5 l\u00e5ngt v\u00e5ra resurser till\u00e5ter att direkts\u00e4nda viktiga och centrala evenemang p\u00e5 olika h\u00e5ll i landet. Bibliotekskanalen vill med sina direkts\u00e4ndningar vara med om att f\u00f6rb\u00e4ttra geografisk j\u00e4mlikhet och tillg\u00e4nglighet till fortbildningar och seminarier. <br><\/p><p><br><\/p>\n<h2>Var kan jag ladda ner Bibliotekskanalens logo?<\/h2>\n\n<p>Du hittar logon f\u00f6r s\u00e5v\u00e4l Bibliotekskanalen som Biblioteken.fi:s andra tj\u00e4nster i Biblioteken.fi:s materialbank. Om du inte d\u00e4r hittar den logo du skulle beh\u00f6va s\u00e5 kontakta oss.<br>\n<a href=\"https:\/\/www.biblioteken.fi\/materiaalipankki\/97?kw=102\">Biblioteksknalens logon<\/a><br><\/p><p><br><\/p>\n<h2>Erbjuder Bibliotekskanalen gr\u00e4nssnitt f\u00f6r applikationsutveckling?<\/h2>\n\n<p>Bibliotekskanalen f\u00f6rmedlas via gr\u00e4nssnittet WordPress Core Rest (<a href=\"https:\/\/developer.wordpress.org\/rest-api\/\">https:\/\/developer.wordpress.org\/rest-api\/<\/a>) som har utvidgats med en wpml-wp-rest-api-adapter (<a href=\"https:\/\/github.com\/aaltomeri\/wpml-wp-rest-api-adapter\" rel=\"nofollow\">https:\/\/github.com\/aaltomeri\/wpml-wp-rest-api-adapter<\/a>) plugin och n\u00e5gra andra till\u00e4gg.<\/p>\n<p>Bibliotekskanalens videor och radioprogram f\u00f6rs \u00f6ver fr\u00e5n Vimeo, Youtube och SoundCloud. Ocks\u00e5 f\u00f6r de h\u00e4r tj\u00e4nsterna finns det att f\u00e5 flera gr\u00e4nssnitt och gr\u00e4nssnittskomponenter.\n<\/p>\n\n\n<p><strong>10? kirjastosta -gr\u00e4nssnittskomponent<br \/><\/strong><span style=\"font-size: 1rem;\">N\u00e4r du b\u00e4ddar in <\/span><a href=\"https:\/\/www.biblioteken.fi\/materiaalipankki\/427?kw=102\">koden<\/a><span style=\"font-size: 1rem;\"> f\u00f6r den h\u00e4r gr\u00e4nssnittskomponenten p\u00e5 dina sidor, s\u00e5 uppdateras den nyaste delen av serien 10? kirjastosta automatiskt p\u00e5 dina sidor.\u00a0 Den h\u00e4r gr\u00e4nssnittskomponenten h\u00e4mtade tidigare (\u00e5ren 2015-2019) seriens \u201dKolme kysymyst\u00e4 kirjastosta\u201d nyaste del.\u00a0 Serien \u201d10? kirjastosta\u201d har ersatt den tidigare serien fro.m. januari 2020.<\/span><\/p>\n<p><span style=\"font-size: 1rem;\">Ett nytt avsnitt av serien publiceras ungef\u00e4r en g\u00e5ng per m\u00e5nad.<\/span><\/p>\n<div style=\"position: relative; padding-bottom: 56.25%; padding-top: 30px; height: 0; overflow: hidden; border: 0;\"><iframe style=\"position: absolute; top: 0; left: 0; width: 100%; height: 100%; border: none;\" src=\"https:\/\/gfx.kirjastot.fi\/kifi\/kolme-kysymysta-kirjastosta.html\" allowfullscreen=\"allowfullscreen\"><\/iframe><\/div>\n<p><strong>Litteraturgr\u00e4nssnittskomponent (finskspr\u00e5kig)<\/strong><br \/><span style=\"font-size: 1rem;\">N\u00e4r du b\u00e4ddar in <\/span><a href=\"https:\/\/www.biblioteken.fi\/materiaalipankki\/427?kw=102\">koden<\/a><span style=\"font-size: 1rem;\"> f\u00f6r den h\u00e4r gr\u00e4nssnittskomponenten p\u00e5 dina sidor, s\u00e5 uppdateras p\u00e5 dina sidor automatiskt en video som handlar om litteratur samt kompletterande l\u00e4nkar till Kirjasampos boktips och Makupalat.fi:s l\u00e4nktips. Nytt inneh\u00e5ll uppdateras i gr\u00e4nssnittskomponenten ungef\u00e4r en g\u00e5ng i m\u00e5naden.<\/span><\/p>\n<div style=\"position: relative; padding-bottom: 67%; padding-top: 25px; height: 0;\"><iframe style=\"position: absolute; top: 0; left: 0; width: 100%; height: 100%; border: none;\" src=\"https:\/\/gfx.kirjastot.fi\/kifi\/kirjallisuus.html\" allowfullscreen=\"allowfullscreen\"><\/iframe><\/div>\n<p>\u00a0<\/p>\n<p><strong>Sivupiiri vinkkaa -gr\u00e4nssnittskomponent<\/strong><br \/><span style=\"font-size: 1rem;\">N\u00e4r du b\u00e4ddar in <\/span><a href=\"https:\/\/www.biblioteken.fi\/materiaalipankki\/427?kw=102\">koden<\/a> <span style=\"font-size: 1rem;\">f\u00f6r den h\u00e4r gr\u00e4nssnittskomponenten p\u00e5 dina sidor, s\u00e5 uppdateras automatisk den nyaste Sivupiiri vinkkaa \u2013boktrailern p\u00e5 dina sidor. En ny boktrailer publiceras i huvudsak varannan onsdag. SERIEN P\u00c5 PAUS!<br \/><\/span><\/p>\n<div style=\"position: relative; padding-bottom: 56.25%; padding-top: 30px; height: 0; overflow: hidden; border: 0;\"><iframe style=\"position: absolute; top: 0; left: 0; width: 100%; height: 100%; border: 0;\" src=\"https:\/\/kirjastokaista-embed.kirjastot.fi\/app\/themes\/kirjastokaista\/scripts\/js-1_from_sivupiiri_vinkkaa.php\" allowfullscreen=\"allowfullscreen\"><\/iframe><\/div>\n<p>Vill du ha mer information? Ta kontakt med oss!<br \/><a href=\"https:\/\/www.kirjastokaista.fi\/sv\/kontaktuppgifter\/\">Bibliotekskanalens kontaktuppgifter<\/a><\/p>\n\n\n<p><\/p>\n","protected":false},"excerpt":{"rendered":"<p>F\u00e5r Bibliotekskanalens videor b\u00e4ddas in p\u00e5 andra webbplatser? Ja. Du kan fritt dela och b\u00e4dda in v\u00e5ra program p\u00e5 olika webbsidor, webbibliotek och bloggar och visa dem p\u00e5 tillst\u00e4llningar och [&hellip;]<\/p>\n","protected":false},"author":3,"featured_media":0,"parent":0,"menu_order":0,"comment_status":"open","ping_status":"closed","template":"","meta":{"footnotes":""},"class_list":["post-70008","page","type-page","status-publish","hentry"],"yoast_head":"<!-- This site is optimized with the Yoast SEO plugin v23.8 - https:\/\/yoast.com\/wordpress\/plugins\/seo\/ -->\n<title>Vanliga fr\u00e5gor och svar - Kirjastokaista<\/title>\n<meta name=\"description\" content=\"Vanliga fr\u00e5gor och svar\" \/>\n<meta name=\"robots\" content=\"index, follow, max-snippet:-1, max-image-preview:large, max-video-preview:-1\" \/>\n<link rel=\"canonical\" href=\"http:\/\/www.kirjastokaista.fi\/sv\/vanliga-fragor-och-svar\/\" \/>\n<meta property=\"og:locale\" content=\"fi_FI\" \/>\n<meta property=\"og:type\" content=\"article\" \/>\n<meta property=\"og:title\" content=\"Vanliga fr\u00e5gor och svar - Kirjastokaista\" \/>\n<meta property=\"og:description\" content=\"Vanliga fr\u00e5gor och svar\" \/>\n<meta property=\"og:url\" content=\"http:\/\/www.kirjastokaista.fi\/sv\/vanliga-fragor-och-svar\/\" \/>\n<meta property=\"og:site_name\" content=\"Kirjastokaista\" \/>\n<meta property=\"article:modified_time\" content=\"2024-11-18T15:19:49+00:00\" \/>\n<meta property=\"og:image\" content=\"http:\/\/www.kirjastokaista.fi\/app\/uploads\/2022\/02\/faq-1.jpg\" \/>\n<meta name=\"twitter:label1\" content=\"Est. reading time\" \/>\n\t<meta name=\"twitter:data1\" content=\"4 minutes\" \/>\n<script type=\"application\/ld+json\" class=\"yoast-schema-graph\">{\"@context\":\"https:\/\/schema.org\",\"@graph\":[{\"@type\":\"WebPage\",\"@id\":\"http:\/\/www.kirjastokaista.fi\/sv\/vanliga-fragor-och-svar\/\",\"url\":\"http:\/\/www.kirjastokaista.fi\/sv\/vanliga-fragor-och-svar\/\",\"name\":\"Vanliga fr\u00e5gor och svar - Kirjastokaista\",\"isPartOf\":{\"@id\":\"https:\/\/www.kirjastokaista.fi\/#website\"},\"primaryImageOfPage\":{\"@id\":\"http:\/\/www.kirjastokaista.fi\/sv\/vanliga-fragor-och-svar\/#primaryimage\"},\"image\":{\"@id\":\"http:\/\/www.kirjastokaista.fi\/sv\/vanliga-fragor-och-svar\/#primaryimage\"},\"thumbnailUrl\":\"http:\/\/www.kirjastokaista.fi\/app\/uploads\/2022\/02\/faq-1.jpg\",\"datePublished\":\"2013-10-22T12:53:43+00:00\",\"dateModified\":\"2024-11-18T15:19:49+00:00\",\"description\":\"Vanliga fr\u00e5gor och svar\",\"breadcrumb\":{\"@id\":\"http:\/\/www.kirjastokaista.fi\/sv\/vanliga-fragor-och-svar\/#breadcrumb\"},\"inLanguage\":\"fi\",\"potentialAction\":[{\"@type\":\"ReadAction\",\"target\":[\"http:\/\/www.kirjastokaista.fi\/sv\/vanliga-fragor-och-svar\/\"]}]},{\"@type\":\"ImageObject\",\"inLanguage\":\"fi\",\"@id\":\"http:\/\/www.kirjastokaista.fi\/sv\/vanliga-fragor-och-svar\/#primaryimage\",\"url\":\"http:\/\/www.kirjastokaista.fi\/app\/uploads\/2022\/02\/faq-1.jpg\",\"contentUrl\":\"http:\/\/www.kirjastokaista.fi\/app\/uploads\/2022\/02\/faq-1.jpg\"},{\"@type\":\"BreadcrumbList\",\"@id\":\"http:\/\/www.kirjastokaista.fi\/sv\/vanliga-fragor-och-svar\/#breadcrumb\",\"itemListElement\":[{\"@type\":\"ListItem\",\"position\":1,\"name\":\"Etusivu\",\"item\":\"https:\/\/www.kirjastokaista.fi\/\"},{\"@type\":\"ListItem\",\"position\":2,\"name\":\"Vanliga fr\u00e5gor och svar\"}]},{\"@type\":\"WebSite\",\"@id\":\"https:\/\/www.kirjastokaista.fi\/#website\",\"url\":\"https:\/\/www.kirjastokaista.fi\/\",\"name\":\"Kirjastokaista\",\"description\":\"LIBRARY CHANNEL \u2014 Library WebTV\",\"potentialAction\":[{\"@type\":\"SearchAction\",\"target\":{\"@type\":\"EntryPoint\",\"urlTemplate\":\"https:\/\/www.kirjastokaista.fi\/?s={search_term_string}\"},\"query-input\":{\"@type\":\"PropertyValueSpecification\",\"valueRequired\":true,\"valueName\":\"search_term_string\"}}],\"inLanguage\":\"fi\"}]}<\/script>\n<!-- \/ Yoast SEO plugin. -->","yoast_head_json":{"title":"Vanliga fr\u00e5gor och svar - Kirjastokaista","description":"Vanliga fr\u00e5gor och svar","robots":{"index":"index","follow":"follow","max-snippet":"max-snippet:-1","max-image-preview":"max-image-preview:large","max-video-preview":"max-video-preview:-1"},"canonical":"http:\/\/www.kirjastokaista.fi\/sv\/vanliga-fragor-och-svar\/","og_locale":"fi_FI","og_type":"article","og_title":"Vanliga fr\u00e5gor och svar - Kirjastokaista","og_description":"Vanliga fr\u00e5gor och svar","og_url":"http:\/\/www.kirjastokaista.fi\/sv\/vanliga-fragor-och-svar\/","og_site_name":"Kirjastokaista","article_modified_time":"2024-11-18T15:19:49+00:00","og_image":[{"url":"http:\/\/www.kirjastokaista.fi\/app\/uploads\/2022\/02\/faq-1.jpg"}],"twitter_misc":{"Est. reading time":"4 minutes"},"schema":{"@context":"https:\/\/schema.org","@graph":[{"@type":"WebPage","@id":"http:\/\/www.kirjastokaista.fi\/sv\/vanliga-fragor-och-svar\/","url":"http:\/\/www.kirjastokaista.fi\/sv\/vanliga-fragor-och-svar\/","name":"Vanliga fr\u00e5gor och svar - Kirjastokaista","isPartOf":{"@id":"https:\/\/www.kirjastokaista.fi\/#website"},"primaryImageOfPage":{"@id":"http:\/\/www.kirjastokaista.fi\/sv\/vanliga-fragor-och-svar\/#primaryimage"},"image":{"@id":"http:\/\/www.kirjastokaista.fi\/sv\/vanliga-fragor-och-svar\/#primaryimage"},"thumbnailUrl":"http:\/\/www.kirjastokaista.fi\/app\/uploads\/2022\/02\/faq-1.jpg","datePublished":"2013-10-22T12:53:43+00:00","dateModified":"2024-11-18T15:19:49+00:00","description":"Vanliga fr\u00e5gor och svar","breadcrumb":{"@id":"http:\/\/www.kirjastokaista.fi\/sv\/vanliga-fragor-och-svar\/#breadcrumb"},"inLanguage":"fi","potentialAction":[{"@type":"ReadAction","target":["http:\/\/www.kirjastokaista.fi\/sv\/vanliga-fragor-och-svar\/"]}]},{"@type":"ImageObject","inLanguage":"fi","@id":"http:\/\/www.kirjastokaista.fi\/sv\/vanliga-fragor-och-svar\/#primaryimage","url":"http:\/\/www.kirjastokaista.fi\/app\/uploads\/2022\/02\/faq-1.jpg","contentUrl":"http:\/\/www.kirjastokaista.fi\/app\/uploads\/2022\/02\/faq-1.jpg"},{"@type":"BreadcrumbList","@id":"http:\/\/www.kirjastokaista.fi\/sv\/vanliga-fragor-och-svar\/#breadcrumb","itemListElement":[{"@type":"ListItem","position":1,"name":"Etusivu","item":"https:\/\/www.kirjastokaista.fi\/"},{"@type":"ListItem","position":2,"name":"Vanliga fr\u00e5gor och svar"}]},{"@type":"WebSite","@id":"https:\/\/www.kirjastokaista.fi\/#website","url":"https:\/\/www.kirjastokaista.fi\/","name":"Kirjastokaista","description":"LIBRARY CHANNEL \u2014 Library WebTV","potentialAction":[{"@type":"SearchAction","target":{"@type":"EntryPoint","urlTemplate":"https:\/\/www.kirjastokaista.fi\/?s={search_term_string}"},"query-input":{"@type":"PropertyValueSpecification","valueRequired":true,"valueName":"search_term_string"}}],"inLanguage":"fi"}]}},"_links":{"self":[{"href":"https:\/\/www.kirjastokaista.fi\/wp-json\/wp\/v2\/pages\/70008","targetHints":{"allow":["GET"]}}],"collection":[{"href":"https:\/\/www.kirjastokaista.fi\/wp-json\/wp\/v2\/pages"}],"about":[{"href":"https:\/\/www.kirjastokaista.fi\/wp-json\/wp\/v2\/types\/page"}],"author":[{"embeddable":true,"href":"https:\/\/www.kirjastokaista.fi\/wp-json\/wp\/v2\/users\/3"}],"replies":[{"embeddable":true,"href":"https:\/\/www.kirjastokaista.fi\/wp-json\/wp\/v2\/comments?post=70008"}],"version-history":[{"count":33,"href":"https:\/\/www.kirjastokaista.fi\/wp-json\/wp\/v2\/pages\/70008\/revisions"}],"predecessor-version":[{"id":408202,"href":"https:\/\/www.kirjastokaista.fi\/wp-json\/wp\/v2\/pages\/70008\/revisions\/408202"}],"wp:attachment":[{"href":"https:\/\/www.kirjastokaista.fi\/wp-json\/wp\/v2\/media?parent=70008"}],"curies":[{"name":"wp","href":"https:\/\/api.w.org\/{rel}","templated":true}]}}