{"id":69990,"date":"2013-11-05T10:57:17","date_gmt":"2013-11-05T08:57:17","guid":{"rendered":"http:\/\/www.kirjastokaista.fi\/palaute-2\/"},"modified":"2018-06-18T16:11:19","modified_gmt":"2018-06-18T13:11:19","slug":"feedback","status":"publish","type":"page","link":"https:\/\/www.kirjastokaista.fi\/sv\/feedback\/","title":{"rendered":"Respons"},"content":{"rendered":"<p>Vi tar g\u00e4rna emot respons, fr\u00e5gor och f\u00f6rslag p\u00e5 inneh\u00e5ll f\u00f6r videon.<br \/>\nKom ih\u00e5g att l\u00e4mna Dina kontaktuppgifter ifall du vill att vi kontaktar Dig. \n<div class=\"wpcf7 no-js\" id=\"wpcf7-f57021-o1\" lang=\"sv-SE\" dir=\"ltr\" data-wpcf7-id=\"57021\">\n<div class=\"screen-reader-response\"><p role=\"status\" aria-live=\"polite\" aria-atomic=\"true\"><\/p> <ul><\/ul><\/div>\n<form action=\"\/sv\/wp-json\/wp\/v2\/pages\/69990#wpcf7-f57021-o1\" method=\"post\" class=\"wpcf7-form init\" aria-label=\"Contact form\" novalidate=\"novalidate\" data-status=\"init\">\n<div style=\"display: none;\">\n<input type=\"hidden\" name=\"_wpcf7\" value=\"57021\" \/>\n<input type=\"hidden\" name=\"_wpcf7_version\" value=\"6.0\" \/>\n<input type=\"hidden\" name=\"_wpcf7_locale\" value=\"sv_SE\" \/>\n<input type=\"hidden\" name=\"_wpcf7_unit_tag\" value=\"wpcf7-f57021-o1\" \/>\n<input type=\"hidden\" name=\"_wpcf7_container_post\" value=\"0\" \/>\n<input type=\"hidden\" name=\"_wpcf7_posted_data_hash\" value=\"\" \/>\n<\/div>\n<p><label for=\"feedback-name\"><strong>Ditt namn<\/strong><\/label><br \/>\n<span class=\"wpcf7-form-control-wrap\" data-name=\"your-name\"><input size=\"40\" maxlength=\"400\" class=\"wpcf7-form-control wpcf7-text\" id=\"feedback-name\" aria-invalid=\"false\" value=\"\" type=\"text\" name=\"your-name\" \/><\/span>\n<\/p>\n<p><label for=\"feedback-email\"><strong>Din epost<\/strong><\/label><br \/>\n<span class=\"wpcf7-form-control-wrap\" data-name=\"your-email\"><input size=\"40\" maxlength=\"400\" class=\"wpcf7-form-control wpcf7-email wpcf7-text wpcf7-validates-as-email\" id=\"feedback-email\" aria-invalid=\"false\" value=\"\" type=\"email\" name=\"your-email\" \/><\/span>\n<\/p>\n<p><label for=\"feedback-subject\"><strong>\u00c4mne<\/strong><\/label><br \/>\n<span class=\"wpcf7-form-control-wrap\" data-name=\"your-subject\"><input size=\"40\" maxlength=\"400\" class=\"wpcf7-form-control wpcf7-text\" id=\"feedback-subject\" aria-invalid=\"false\" value=\"\" type=\"text\" name=\"your-subject\" \/><\/span>\n<\/p>\n<p><label for=\"feedback-message\"><strong>Ditt meddelande<\/strong><\/label><strong><span class=\"required\">*<\/span><\/strong><br \/>\n<span class=\"wpcf7-form-control-wrap\" data-name=\"your-message\"><textarea cols=\"40\" rows=\"10\" maxlength=\"2000\" class=\"wpcf7-form-control wpcf7-textarea wpcf7-validates-as-required\" id=\"feedback-message\" aria-required=\"true\" aria-invalid=\"false\" name=\"your-message\"><\/textarea><\/span>\n<\/p>\n<p><span class=\"wpcf7-form-control-wrap\" data-name=\"quiz-940\"><label><span class=\"wpcf7-quiz-label\">Vilken m\u00e5nad kommer efter maj?<\/span> <input size=\"40\" class=\"wpcf7-form-control wpcf7-quiz\" id=\"feedback-quiz\" autocomplete=\"off\" aria-required=\"true\" aria-invalid=\"false\" type=\"text\" name=\"quiz-940\" \/><\/label><input type=\"hidden\" name=\"_wpcf7_quiz_answer_quiz-940\" value=\"39719ba9a36ff56c57de23aa49423e7d\" \/><\/span>\n<\/p>\n<p><input class=\"wpcf7-form-control wpcf7-submit has-spinner\" type=\"submit\" value=\"Skicka\" \/>\n<\/p><div class=\"wpcf7-response-output\" aria-hidden=\"true\"><\/div>\n<\/form>\n<\/div>\n<\/p>\n","protected":false},"excerpt":{"rendered":"<p>Vi tar g\u00e4rna emot respons, fr\u00e5gor och f\u00f6rslag p\u00e5 inneh\u00e5ll f\u00f6r videon. Kom ih\u00e5g att l\u00e4mna Dina kontaktuppgifter ifall du vill att vi kontaktar Dig.<\/p>\n","protected":false},"author":3,"featured_media":0,"parent":0,"menu_order":0,"comment_status":"open","ping_status":"closed","template":"","meta":{"footnotes":""},"class_list":["post-69990","page","type-page","status-publish","hentry"],"yoast_head":"<!-- This site is optimized with the Yoast SEO plugin v23.8 - https:\/\/yoast.com\/wordpress\/plugins\/seo\/ -->\n<title>Respons - Kirjastokaista<\/title>\n<meta name=\"description\" content=\"Vi tar g\u00e4rna emot respons, fr\u00e5gor och f\u00f6rslag p\u00e5 inneh\u00e5ll f\u00f6r videon. Kom ih\u00e5g att l\u00e4mna Dina kontaktuppgifter ifall du vill att vi kontaktar Dig.\" \/>\n<meta name=\"robots\" content=\"index, follow, max-snippet:-1, max-image-preview:large, max-video-preview:-1\" \/>\n<link rel=\"canonical\" href=\"http:\/\/www.kirjastokaista.fi\/sv\/feedback\/\" \/>\n<meta property=\"og:locale\" content=\"fi_FI\" \/>\n<meta property=\"og:type\" content=\"article\" \/>\n<meta property=\"og:title\" content=\"Respons - Kirjastokaista\" \/>\n<meta property=\"og:description\" content=\"Vi tar g\u00e4rna emot respons, fr\u00e5gor och f\u00f6rslag p\u00e5 inneh\u00e5ll f\u00f6r videon. Kom ih\u00e5g att l\u00e4mna Dina kontaktuppgifter ifall du vill att vi kontaktar Dig.\" \/>\n<meta property=\"og:url\" content=\"http:\/\/www.kirjastokaista.fi\/sv\/feedback\/\" \/>\n<meta property=\"og:site_name\" content=\"Kirjastokaista\" \/>\n<meta property=\"article:modified_time\" content=\"2018-06-18T13:11:19+00:00\" \/>\n<script type=\"application\/ld+json\" class=\"yoast-schema-graph\">{\"@context\":\"https:\/\/schema.org\",\"@graph\":[{\"@type\":\"WebPage\",\"@id\":\"http:\/\/www.kirjastokaista.fi\/sv\/feedback\/\",\"url\":\"http:\/\/www.kirjastokaista.fi\/sv\/feedback\/\",\"name\":\"Respons - Kirjastokaista\",\"isPartOf\":{\"@id\":\"https:\/\/www.kirjastokaista.fi\/#website\"},\"datePublished\":\"2013-11-05T08:57:17+00:00\",\"dateModified\":\"2018-06-18T13:11:19+00:00\",\"description\":\"Vi tar g\u00e4rna emot respons, fr\u00e5gor och f\u00f6rslag p\u00e5 inneh\u00e5ll f\u00f6r videon. Kom ih\u00e5g att l\u00e4mna Dina kontaktuppgifter ifall du vill att vi kontaktar Dig.\",\"breadcrumb\":{\"@id\":\"http:\/\/www.kirjastokaista.fi\/sv\/feedback\/#breadcrumb\"},\"inLanguage\":\"fi\",\"potentialAction\":[{\"@type\":\"ReadAction\",\"target\":[\"http:\/\/www.kirjastokaista.fi\/sv\/feedback\/\"]}]},{\"@type\":\"BreadcrumbList\",\"@id\":\"http:\/\/www.kirjastokaista.fi\/sv\/feedback\/#breadcrumb\",\"itemListElement\":[{\"@type\":\"ListItem\",\"position\":1,\"name\":\"Etusivu\",\"item\":\"https:\/\/www.kirjastokaista.fi\/\"},{\"@type\":\"ListItem\",\"position\":2,\"name\":\"Respons\"}]},{\"@type\":\"WebSite\",\"@id\":\"https:\/\/www.kirjastokaista.fi\/#website\",\"url\":\"https:\/\/www.kirjastokaista.fi\/\",\"name\":\"Kirjastokaista\",\"description\":\"LIBRARY CHANNEL \u2014 Library WebTV\",\"potentialAction\":[{\"@type\":\"SearchAction\",\"target\":{\"@type\":\"EntryPoint\",\"urlTemplate\":\"https:\/\/www.kirjastokaista.fi\/?s={search_term_string}\"},\"query-input\":{\"@type\":\"PropertyValueSpecification\",\"valueRequired\":true,\"valueName\":\"search_term_string\"}}],\"inLanguage\":\"fi\"}]}<\/script>\n<!-- \/ Yoast SEO plugin. -->","yoast_head_json":{"title":"Respons - Kirjastokaista","description":"Vi tar g\u00e4rna emot respons, fr\u00e5gor och f\u00f6rslag p\u00e5 inneh\u00e5ll f\u00f6r videon. Kom ih\u00e5g att l\u00e4mna Dina kontaktuppgifter ifall du vill att vi kontaktar Dig.","robots":{"index":"index","follow":"follow","max-snippet":"max-snippet:-1","max-image-preview":"max-image-preview:large","max-video-preview":"max-video-preview:-1"},"canonical":"http:\/\/www.kirjastokaista.fi\/sv\/feedback\/","og_locale":"fi_FI","og_type":"article","og_title":"Respons - Kirjastokaista","og_description":"Vi tar g\u00e4rna emot respons, fr\u00e5gor och f\u00f6rslag p\u00e5 inneh\u00e5ll f\u00f6r videon. Kom ih\u00e5g att l\u00e4mna Dina kontaktuppgifter ifall du vill att vi kontaktar Dig.","og_url":"http:\/\/www.kirjastokaista.fi\/sv\/feedback\/","og_site_name":"Kirjastokaista","article_modified_time":"2018-06-18T13:11:19+00:00","schema":{"@context":"https:\/\/schema.org","@graph":[{"@type":"WebPage","@id":"http:\/\/www.kirjastokaista.fi\/sv\/feedback\/","url":"http:\/\/www.kirjastokaista.fi\/sv\/feedback\/","name":"Respons - Kirjastokaista","isPartOf":{"@id":"https:\/\/www.kirjastokaista.fi\/#website"},"datePublished":"2013-11-05T08:57:17+00:00","dateModified":"2018-06-18T13:11:19+00:00","description":"Vi tar g\u00e4rna emot respons, fr\u00e5gor och f\u00f6rslag p\u00e5 inneh\u00e5ll f\u00f6r videon. Kom ih\u00e5g att l\u00e4mna Dina kontaktuppgifter ifall du vill att vi kontaktar Dig.","breadcrumb":{"@id":"http:\/\/www.kirjastokaista.fi\/sv\/feedback\/#breadcrumb"},"inLanguage":"fi","potentialAction":[{"@type":"ReadAction","target":["http:\/\/www.kirjastokaista.fi\/sv\/feedback\/"]}]},{"@type":"BreadcrumbList","@id":"http:\/\/www.kirjastokaista.fi\/sv\/feedback\/#breadcrumb","itemListElement":[{"@type":"ListItem","position":1,"name":"Etusivu","item":"https:\/\/www.kirjastokaista.fi\/"},{"@type":"ListItem","position":2,"name":"Respons"}]},{"@type":"WebSite","@id":"https:\/\/www.kirjastokaista.fi\/#website","url":"https:\/\/www.kirjastokaista.fi\/","name":"Kirjastokaista","description":"LIBRARY CHANNEL \u2014 Library WebTV","potentialAction":[{"@type":"SearchAction","target":{"@type":"EntryPoint","urlTemplate":"https:\/\/www.kirjastokaista.fi\/?s={search_term_string}"},"query-input":{"@type":"PropertyValueSpecification","valueRequired":true,"valueName":"search_term_string"}}],"inLanguage":"fi"}]}},"_links":{"self":[{"href":"https:\/\/www.kirjastokaista.fi\/wp-json\/wp\/v2\/pages\/69990","targetHints":{"allow":["GET"]}}],"collection":[{"href":"https:\/\/www.kirjastokaista.fi\/wp-json\/wp\/v2\/pages"}],"about":[{"href":"https:\/\/www.kirjastokaista.fi\/wp-json\/wp\/v2\/types\/page"}],"author":[{"embeddable":true,"href":"https:\/\/www.kirjastokaista.fi\/wp-json\/wp\/v2\/users\/3"}],"replies":[{"embeddable":true,"href":"https:\/\/www.kirjastokaista.fi\/wp-json\/wp\/v2\/comments?post=69990"}],"version-history":[{"count":2,"href":"https:\/\/www.kirjastokaista.fi\/wp-json\/wp\/v2\/pages\/69990\/revisions"}],"predecessor-version":[{"id":371153,"href":"https:\/\/www.kirjastokaista.fi\/wp-json\/wp\/v2\/pages\/69990\/revisions\/371153"}],"wp:attachment":[{"href":"https:\/\/www.kirjastokaista.fi\/wp-json\/wp\/v2\/media?parent=69990"}],"curies":[{"name":"wp","href":"https:\/\/api.w.org\/{rel}","templated":true}]}}