{"id":69505,"date":"2014-07-08T14:15:32","date_gmt":"2014-07-08T11:15:32","guid":{"rendered":"http:\/\/www.kirjastokaista.fi\/?page_id=69505"},"modified":"2025-01-13T14:27:24","modified_gmt":"2025-01-13T12:27:24","slug":"library-tv","status":"publish","type":"page","link":"https:\/\/www.kirjastokaista.fi\/sv\/library-tv\/","title":{"rendered":"Bibliotekskanalen \u00a0\u2013\u00a0Videor och direkts\u00e4ndningar"},"content":{"rendered":"","protected":false},"excerpt":{"rendered":"","protected":false},"author":6,"featured_media":0,"parent":0,"menu_order":0,"comment_status":"open","ping_status":"closed","template":"homepage.php","meta":{"footnotes":""},"class_list":["post-69505","page","type-page","status-publish","hentry"],"yoast_head":"<!-- This site is optimized with the Yoast SEO plugin v23.8 - https:\/\/yoast.com\/wordpress\/plugins\/seo\/ -->\n<title>Bibliotekskanalen \u00a0\u2013\u00a0Videor och direkts\u00e4ndningar - Kirjastokaista<\/title>\n<meta name=\"description\" content=\"Bibliotekskanalen \u2013 Videor och direkts\u00e4ndningar. L\u00e4stips och olika perspektiv p\u00e5 bibliotek. Information och inspiration. H\u00e4r finns svenskspr\u00e5kiga videor och videor med svensk textning.\" \/>\n<meta name=\"robots\" content=\"index, follow, max-snippet:-1, max-image-preview:large, max-video-preview:-1\" \/>\n<link rel=\"canonical\" href=\"https:\/\/www.kirjastokaista.fi\/sv\/\" \/>\n<meta property=\"og:locale\" content=\"fi_FI\" \/>\n<meta property=\"og:type\" content=\"article\" \/>\n<meta property=\"og:title\" content=\"Bibliotekskanalen \u00a0\u2013\u00a0Videor och direkts\u00e4ndningar - Kirjastokaista\" \/>\n<meta property=\"og:description\" content=\"Bibliotekskanalen \u2013 Videor och direkts\u00e4ndningar. L\u00e4stips och olika perspektiv p\u00e5 bibliotek. Information och inspiration. H\u00e4r finns svenskspr\u00e5kiga videor och videor med svensk textning.\" \/>\n<meta property=\"og:url\" content=\"https:\/\/www.kirjastokaista.fi\/sv\/\" \/>\n<meta property=\"og:site_name\" content=\"Kirjastokaista\" \/>\n<meta property=\"article:modified_time\" content=\"2025-01-13T12:27:24+00:00\" \/>\n<meta property=\"og:image\" content=\"http:\/\/www.kirjastokaista.fi\/app\/uploads\/2023\/02\/Kirjastokaista_kansikuva_kesa.jpg\" \/>\n\t<meta property=\"og:image:width\" content=\"1350\" \/>\n\t<meta property=\"og:image:height\" content=\"1080\" \/>\n\t<meta property=\"og:image:type\" content=\"image\/jpeg\" \/>\n<script type=\"application\/ld+json\" class=\"yoast-schema-graph\">{\"@context\":\"https:\/\/schema.org\",\"@graph\":[{\"@type\":\"WebPage\",\"@id\":\"https:\/\/www.kirjastokaista.fi\/sv\/\",\"url\":\"https:\/\/www.kirjastokaista.fi\/sv\/\",\"name\":\"Bibliotekskanalen \u00a0\u2013\u00a0Videor och direkts\u00e4ndningar - Kirjastokaista\",\"isPartOf\":{\"@id\":\"https:\/\/www.kirjastokaista.fi\/#website\"},\"datePublished\":\"2014-07-08T11:15:32+00:00\",\"dateModified\":\"2025-01-13T12:27:24+00:00\",\"description\":\"Bibliotekskanalen \u2013 Videor och direkts\u00e4ndningar. L\u00e4stips och olika perspektiv p\u00e5 bibliotek. Information och inspiration. H\u00e4r finns svenskspr\u00e5kiga videor och videor med svensk textning.\",\"breadcrumb\":{\"@id\":\"https:\/\/www.kirjastokaista.fi\/sv\/#breadcrumb\"},\"inLanguage\":\"fi\",\"potentialAction\":[{\"@type\":\"ReadAction\",\"target\":[\"https:\/\/www.kirjastokaista.fi\/sv\/\"]}]},{\"@type\":\"BreadcrumbList\",\"@id\":\"https:\/\/www.kirjastokaista.fi\/sv\/#breadcrumb\",\"itemListElement\":[{\"@type\":\"ListItem\",\"position\":1,\"name\":\"Etusivu\",\"item\":\"https:\/\/www.kirjastokaista.fi\/\"},{\"@type\":\"ListItem\",\"position\":2,\"name\":\"Bibliotekskanalen \u00a0\u2013\u00a0Videor och direkts\u00e4ndningar\"}]},{\"@type\":\"WebSite\",\"@id\":\"https:\/\/www.kirjastokaista.fi\/#website\",\"url\":\"https:\/\/www.kirjastokaista.fi\/\",\"name\":\"Kirjastokaista\",\"description\":\"LIBRARY CHANNEL \u2014 Library WebTV\",\"potentialAction\":[{\"@type\":\"SearchAction\",\"target\":{\"@type\":\"EntryPoint\",\"urlTemplate\":\"https:\/\/www.kirjastokaista.fi\/?s={search_term_string}\"},\"query-input\":{\"@type\":\"PropertyValueSpecification\",\"valueRequired\":true,\"valueName\":\"search_term_string\"}}],\"inLanguage\":\"fi\"}]}<\/script>\n<!-- \/ Yoast SEO plugin. -->","yoast_head_json":{"title":"Bibliotekskanalen \u00a0\u2013\u00a0Videor och direkts\u00e4ndningar - Kirjastokaista","description":"Bibliotekskanalen \u2013 Videor och direkts\u00e4ndningar. L\u00e4stips och olika perspektiv p\u00e5 bibliotek. Information och inspiration. H\u00e4r finns svenskspr\u00e5kiga videor och videor med svensk textning.","robots":{"index":"index","follow":"follow","max-snippet":"max-snippet:-1","max-image-preview":"max-image-preview:large","max-video-preview":"max-video-preview:-1"},"canonical":"https:\/\/www.kirjastokaista.fi\/sv\/","og_locale":"fi_FI","og_type":"article","og_title":"Bibliotekskanalen \u00a0\u2013\u00a0Videor och direkts\u00e4ndningar - Kirjastokaista","og_description":"Bibliotekskanalen \u2013 Videor och direkts\u00e4ndningar. L\u00e4stips och olika perspektiv p\u00e5 bibliotek. Information och inspiration. H\u00e4r finns svenskspr\u00e5kiga videor och videor med svensk textning.","og_url":"https:\/\/www.kirjastokaista.fi\/sv\/","og_site_name":"Kirjastokaista","article_modified_time":"2025-01-13T12:27:24+00:00","og_image":[{"width":1350,"height":1080,"url":"http:\/\/www.kirjastokaista.fi\/app\/uploads\/2023\/02\/Kirjastokaista_kansikuva_kesa.jpg","type":"image\/jpeg"}],"schema":{"@context":"https:\/\/schema.org","@graph":[{"@type":"WebPage","@id":"https:\/\/www.kirjastokaista.fi\/sv\/","url":"https:\/\/www.kirjastokaista.fi\/sv\/","name":"Bibliotekskanalen \u00a0\u2013\u00a0Videor och direkts\u00e4ndningar - Kirjastokaista","isPartOf":{"@id":"https:\/\/www.kirjastokaista.fi\/#website"},"datePublished":"2014-07-08T11:15:32+00:00","dateModified":"2025-01-13T12:27:24+00:00","description":"Bibliotekskanalen \u2013 Videor och direkts\u00e4ndningar. L\u00e4stips och olika perspektiv p\u00e5 bibliotek. Information och inspiration. H\u00e4r finns svenskspr\u00e5kiga videor och videor med svensk textning.","breadcrumb":{"@id":"https:\/\/www.kirjastokaista.fi\/sv\/#breadcrumb"},"inLanguage":"fi","potentialAction":[{"@type":"ReadAction","target":["https:\/\/www.kirjastokaista.fi\/sv\/"]}]},{"@type":"BreadcrumbList","@id":"https:\/\/www.kirjastokaista.fi\/sv\/#breadcrumb","itemListElement":[{"@type":"ListItem","position":1,"name":"Etusivu","item":"https:\/\/www.kirjastokaista.fi\/"},{"@type":"ListItem","position":2,"name":"Bibliotekskanalen \u00a0\u2013\u00a0Videor och direkts\u00e4ndningar"}]},{"@type":"WebSite","@id":"https:\/\/www.kirjastokaista.fi\/#website","url":"https:\/\/www.kirjastokaista.fi\/","name":"Kirjastokaista","description":"LIBRARY CHANNEL \u2014 Library WebTV","potentialAction":[{"@type":"SearchAction","target":{"@type":"EntryPoint","urlTemplate":"https:\/\/www.kirjastokaista.fi\/?s={search_term_string}"},"query-input":{"@type":"PropertyValueSpecification","valueRequired":true,"valueName":"search_term_string"}}],"inLanguage":"fi"}]}},"_links":{"self":[{"href":"https:\/\/www.kirjastokaista.fi\/wp-json\/wp\/v2\/pages\/69505","targetHints":{"allow":["GET"]}}],"collection":[{"href":"https:\/\/www.kirjastokaista.fi\/wp-json\/wp\/v2\/pages"}],"about":[{"href":"https:\/\/www.kirjastokaista.fi\/wp-json\/wp\/v2\/types\/page"}],"author":[{"embeddable":true,"href":"https:\/\/www.kirjastokaista.fi\/wp-json\/wp\/v2\/users\/6"}],"replies":[{"embeddable":true,"href":"https:\/\/www.kirjastokaista.fi\/wp-json\/wp\/v2\/comments?post=69505"}],"version-history":[{"count":2,"href":"https:\/\/www.kirjastokaista.fi\/wp-json\/wp\/v2\/pages\/69505\/revisions"}],"predecessor-version":[{"id":408805,"href":"https:\/\/www.kirjastokaista.fi\/wp-json\/wp\/v2\/pages\/69505\/revisions\/408805"}],"wp:attachment":[{"href":"https:\/\/www.kirjastokaista.fi\/wp-json\/wp\/v2\/media?parent=69505"}],"curies":[{"name":"wp","href":"https:\/\/api.w.org\/{rel}","templated":true}]}}