{"id":186256,"date":"2016-02-29T20:00:00","date_gmt":"2016-02-29T18:00:00","guid":{"rendered":"http:\/\/www.kirjastokaista.fi\/no\/?page_id=186256"},"modified":"2016-05-03T14:16:48","modified_gmt":"2016-05-03T11:16:48","slug":"tilbakemeldinger","status":"publish","type":"page","link":"https:\/\/www.kirjastokaista.fi\/no\/tilbakemeldinger\/","title":{"rendered":"Tilbakemeldinger"},"content":{"rendered":"<p>Vi setter pris p\u00e5 tilbakemeldinger, sp\u00f8rsm\u00e5l og tips om program.<br \/>\nHusk \u00e5 legge igjen kontaktinformasjon dersom du \u00f8nsker at vi skal kontakte deg. \n<div class=\"wpcf7 no-js\" id=\"wpcf7-f57017-o1\" lang=\"en-US\" dir=\"ltr\" data-wpcf7-id=\"57017\">\n<div class=\"screen-reader-response\"><p role=\"status\" aria-live=\"polite\" aria-atomic=\"true\"><\/p> <ul><\/ul><\/div>\n<form action=\"\/no\/wp-json\/wp\/v2\/pages\/186256#wpcf7-f57017-o1\" method=\"post\" class=\"wpcf7-form init\" aria-label=\"Contact form\" novalidate=\"novalidate\" data-status=\"init\">\n<div style=\"display: none;\">\n<input type=\"hidden\" name=\"_wpcf7\" value=\"57017\" \/>\n<input type=\"hidden\" name=\"_wpcf7_version\" value=\"6.0\" \/>\n<input type=\"hidden\" name=\"_wpcf7_locale\" value=\"en_US\" \/>\n<input type=\"hidden\" name=\"_wpcf7_unit_tag\" value=\"wpcf7-f57017-o1\" \/>\n<input type=\"hidden\" name=\"_wpcf7_container_post\" value=\"0\" \/>\n<input type=\"hidden\" name=\"_wpcf7_posted_data_hash\" value=\"\" \/>\n<\/div>\n<p><label for=\"feedback-name\"><strong>Your Name<\/strong><\/label><br \/>\n<span class=\"wpcf7-form-control-wrap\" data-name=\"your-name\"><input size=\"40\" maxlength=\"400\" class=\"wpcf7-form-control wpcf7-text\" id=\"feedback-name\" aria-invalid=\"false\" value=\"\" type=\"text\" name=\"your-name\" \/><\/span>\n<\/p>\n<p><label for=\"feedback-email\"><strong>Your Email<\/strong><\/label><br \/>\n<span class=\"wpcf7-form-control-wrap\" data-name=\"your-email\"><input size=\"40\" maxlength=\"400\" class=\"wpcf7-form-control wpcf7-email wpcf7-text wpcf7-validates-as-email\" id=\"feedback-email\" aria-invalid=\"false\" value=\"\" type=\"email\" name=\"your-email\" \/><\/span>\n<\/p>\n<p><label for=\"feedback-subject\"><strong>Subject<\/strong><\/label><br \/>\n<span class=\"wpcf7-form-control-wrap\" data-name=\"your-subject\"><input size=\"40\" maxlength=\"400\" class=\"wpcf7-form-control wpcf7-text\" id=\"feedback-subject\" aria-invalid=\"false\" value=\"\" type=\"text\" name=\"your-subject\" \/><\/span>\n<\/p>\n<p><label for=\"feedback-message\"><strong>Your Message<\/strong><\/label><strong><span class=\"required\">*<\/span><\/strong><br \/>\n<span class=\"wpcf7-form-control-wrap\" data-name=\"your-message\"><textarea cols=\"40\" rows=\"10\" maxlength=\"2000\" class=\"wpcf7-form-control wpcf7-textarea wpcf7-validates-as-required\" id=\"feedback-message\" aria-required=\"true\" aria-invalid=\"false\" name=\"your-message\"><\/textarea><\/span>\n<\/p>\n<p><span class=\"wpcf7-form-control-wrap\" data-name=\"quiz-101\"><label><span class=\"wpcf7-quiz-label\">What is the name of the month after january?<\/span> <input size=\"40\" class=\"wpcf7-form-control wpcf7-quiz\" id=\"feedback-quiz\" autocomplete=\"off\" aria-required=\"true\" aria-invalid=\"false\" type=\"text\" name=\"quiz-101\" \/><\/label><input type=\"hidden\" name=\"_wpcf7_quiz_answer_quiz-101\" value=\"cebacf84b8ba469318e1571d65f950bd\" \/><\/span>\n<\/p>\n<p><input class=\"wpcf7-form-control wpcf7-submit has-spinner\" type=\"submit\" value=\"Send\" \/>\n<\/p><div class=\"wpcf7-response-output\" aria-hidden=\"true\"><\/div>\n<\/form>\n<\/div>\n<\/p>\n","protected":false},"excerpt":{"rendered":"<p>Vi setter pris p\u00e5 tilbakemeldinger, sp\u00f8rsm\u00e5l og tips om program. Husk \u00e5 legge igjen kontaktinformasjon dersom du \u00f8nsker at vi skal kontakte deg.<\/p>\n","protected":false},"author":8,"featured_media":0,"parent":0,"menu_order":0,"comment_status":"open","ping_status":"open","template":"","meta":{"footnotes":""},"class_list":["post-186256","page","type-page","status-publish","hentry"],"yoast_head":"<!-- This site is optimized with the Yoast SEO plugin v23.8 - https:\/\/yoast.com\/wordpress\/plugins\/seo\/ -->\n<title>Tilbakemeldinger - Kirjastokaista<\/title>\n<meta name=\"description\" content=\"Vi setter pris p\u00e5 tilbakemeldinger, sp\u00f8rsm\u00e5l og tips om program. Husk \u00e5 legge igjen kontaktinformasjon dersom du \u00f8nsker at vi skal kontakte deg.\" \/>\n<meta name=\"robots\" content=\"index, follow, max-snippet:-1, max-image-preview:large, max-video-preview:-1\" \/>\n<link rel=\"canonical\" href=\"https:\/\/www.kirjastokaista.fi\/no\/tilbakemeldinger\/\" \/>\n<meta property=\"og:locale\" content=\"fi_FI\" \/>\n<meta property=\"og:type\" content=\"article\" \/>\n<meta property=\"og:title\" content=\"Tilbakemeldinger - Kirjastokaista\" \/>\n<meta property=\"og:description\" content=\"Vi setter pris p\u00e5 tilbakemeldinger, sp\u00f8rsm\u00e5l og tips om program. Husk \u00e5 legge igjen kontaktinformasjon dersom du \u00f8nsker at vi skal kontakte deg.\" \/>\n<meta property=\"og:url\" content=\"https:\/\/www.kirjastokaista.fi\/no\/tilbakemeldinger\/\" \/>\n<meta property=\"og:site_name\" content=\"Kirjastokaista\" \/>\n<meta property=\"article:modified_time\" content=\"2016-05-03T11:16:48+00:00\" \/>\n<script type=\"application\/ld+json\" class=\"yoast-schema-graph\">{\"@context\":\"https:\/\/schema.org\",\"@graph\":[{\"@type\":\"WebPage\",\"@id\":\"https:\/\/www.kirjastokaista.fi\/no\/tilbakemeldinger\/\",\"url\":\"https:\/\/www.kirjastokaista.fi\/no\/tilbakemeldinger\/\",\"name\":\"Tilbakemeldinger - Kirjastokaista\",\"isPartOf\":{\"@id\":\"https:\/\/www.kirjastokaista.fi\/#website\"},\"datePublished\":\"2016-02-29T18:00:00+00:00\",\"dateModified\":\"2016-05-03T11:16:48+00:00\",\"description\":\"Vi setter pris p\u00e5 tilbakemeldinger, sp\u00f8rsm\u00e5l og tips om program. Husk \u00e5 legge igjen kontaktinformasjon dersom du \u00f8nsker at vi skal kontakte deg.\",\"breadcrumb\":{\"@id\":\"https:\/\/www.kirjastokaista.fi\/no\/tilbakemeldinger\/#breadcrumb\"},\"inLanguage\":\"fi\",\"potentialAction\":[{\"@type\":\"ReadAction\",\"target\":[\"https:\/\/www.kirjastokaista.fi\/no\/tilbakemeldinger\/\"]}]},{\"@type\":\"BreadcrumbList\",\"@id\":\"https:\/\/www.kirjastokaista.fi\/no\/tilbakemeldinger\/#breadcrumb\",\"itemListElement\":[{\"@type\":\"ListItem\",\"position\":1,\"name\":\"Etusivu\",\"item\":\"https:\/\/www.kirjastokaista.fi\/\"},{\"@type\":\"ListItem\",\"position\":2,\"name\":\"Tilbakemeldinger\"}]},{\"@type\":\"WebSite\",\"@id\":\"https:\/\/www.kirjastokaista.fi\/#website\",\"url\":\"https:\/\/www.kirjastokaista.fi\/\",\"name\":\"Kirjastokaista\",\"description\":\"LIBRARY CHANNEL \u2014 Library WebTV\",\"potentialAction\":[{\"@type\":\"SearchAction\",\"target\":{\"@type\":\"EntryPoint\",\"urlTemplate\":\"https:\/\/www.kirjastokaista.fi\/?s={search_term_string}\"},\"query-input\":{\"@type\":\"PropertyValueSpecification\",\"valueRequired\":true,\"valueName\":\"search_term_string\"}}],\"inLanguage\":\"fi\"}]}<\/script>\n<!-- \/ Yoast SEO plugin. -->","yoast_head_json":{"title":"Tilbakemeldinger - Kirjastokaista","description":"Vi setter pris p\u00e5 tilbakemeldinger, sp\u00f8rsm\u00e5l og tips om program. Husk \u00e5 legge igjen kontaktinformasjon dersom du \u00f8nsker at vi skal kontakte deg.","robots":{"index":"index","follow":"follow","max-snippet":"max-snippet:-1","max-image-preview":"max-image-preview:large","max-video-preview":"max-video-preview:-1"},"canonical":"https:\/\/www.kirjastokaista.fi\/no\/tilbakemeldinger\/","og_locale":"fi_FI","og_type":"article","og_title":"Tilbakemeldinger - Kirjastokaista","og_description":"Vi setter pris p\u00e5 tilbakemeldinger, sp\u00f8rsm\u00e5l og tips om program. Husk \u00e5 legge igjen kontaktinformasjon dersom du \u00f8nsker at vi skal kontakte deg.","og_url":"https:\/\/www.kirjastokaista.fi\/no\/tilbakemeldinger\/","og_site_name":"Kirjastokaista","article_modified_time":"2016-05-03T11:16:48+00:00","schema":{"@context":"https:\/\/schema.org","@graph":[{"@type":"WebPage","@id":"https:\/\/www.kirjastokaista.fi\/no\/tilbakemeldinger\/","url":"https:\/\/www.kirjastokaista.fi\/no\/tilbakemeldinger\/","name":"Tilbakemeldinger - Kirjastokaista","isPartOf":{"@id":"https:\/\/www.kirjastokaista.fi\/#website"},"datePublished":"2016-02-29T18:00:00+00:00","dateModified":"2016-05-03T11:16:48+00:00","description":"Vi setter pris p\u00e5 tilbakemeldinger, sp\u00f8rsm\u00e5l og tips om program. Husk \u00e5 legge igjen kontaktinformasjon dersom du \u00f8nsker at vi skal kontakte deg.","breadcrumb":{"@id":"https:\/\/www.kirjastokaista.fi\/no\/tilbakemeldinger\/#breadcrumb"},"inLanguage":"fi","potentialAction":[{"@type":"ReadAction","target":["https:\/\/www.kirjastokaista.fi\/no\/tilbakemeldinger\/"]}]},{"@type":"BreadcrumbList","@id":"https:\/\/www.kirjastokaista.fi\/no\/tilbakemeldinger\/#breadcrumb","itemListElement":[{"@type":"ListItem","position":1,"name":"Etusivu","item":"https:\/\/www.kirjastokaista.fi\/"},{"@type":"ListItem","position":2,"name":"Tilbakemeldinger"}]},{"@type":"WebSite","@id":"https:\/\/www.kirjastokaista.fi\/#website","url":"https:\/\/www.kirjastokaista.fi\/","name":"Kirjastokaista","description":"LIBRARY CHANNEL \u2014 Library WebTV","potentialAction":[{"@type":"SearchAction","target":{"@type":"EntryPoint","urlTemplate":"https:\/\/www.kirjastokaista.fi\/?s={search_term_string}"},"query-input":{"@type":"PropertyValueSpecification","valueRequired":true,"valueName":"search_term_string"}}],"inLanguage":"fi"}]}},"_links":{"self":[{"href":"https:\/\/www.kirjastokaista.fi\/wp-json\/wp\/v2\/pages\/186256","targetHints":{"allow":["GET"]}}],"collection":[{"href":"https:\/\/www.kirjastokaista.fi\/wp-json\/wp\/v2\/pages"}],"about":[{"href":"https:\/\/www.kirjastokaista.fi\/wp-json\/wp\/v2\/types\/page"}],"author":[{"embeddable":true,"href":"https:\/\/www.kirjastokaista.fi\/wp-json\/wp\/v2\/users\/8"}],"replies":[{"embeddable":true,"href":"https:\/\/www.kirjastokaista.fi\/wp-json\/wp\/v2\/comments?post=186256"}],"version-history":[{"count":0,"href":"https:\/\/www.kirjastokaista.fi\/wp-json\/wp\/v2\/pages\/186256\/revisions"}],"wp:attachment":[{"href":"https:\/\/www.kirjastokaista.fi\/wp-json\/wp\/v2\/media?parent=186256"}],"curies":[{"name":"wp","href":"https:\/\/api.w.org\/{rel}","templated":true}]}}