{"id":377962,"date":"2018-06-12T10:18:06","date_gmt":"2018-06-12T07:18:06","guid":{"rendered":"http:\/\/www.kirjastokaista.fi\/?page_id=377962"},"modified":"2026-04-30T09:11:06","modified_gmt":"2026-04-30T06:11:06","slug":"watch-the-livestream-participate-online","status":"publish","type":"page","link":"https:\/\/www.kirjastokaista.fi\/en\/watch-the-livestream-participate-online\/","title":{"rendered":"Watch the livestream \u2013 participate online!"},"content":{"rendered":"<div><img loading=\"lazy\" decoding=\"async\" class=\"alignnone size-full wp-image-377963\" src=\"http:\/\/www.kirjastokaista.fi\/app\/uploads\/2018\/06\/livestream-en.jpg\" alt=\"Watch the livestream \u2013 participate online!\" width=\"771\" height=\"440\" srcset=\"https:\/\/www.kirjastokaista.fi\/app\/uploads\/2018\/06\/livestream-en.jpg 771w, https:\/\/www.kirjastokaista.fi\/app\/uploads\/2018\/06\/livestream-en-300x171.jpg 300w, https:\/\/www.kirjastokaista.fi\/app\/uploads\/2018\/06\/livestream-en-768x438.jpg 768w, https:\/\/www.kirjastokaista.fi\/app\/uploads\/2018\/06\/livestream-en-112x63.jpg 112w\" sizes=\"auto, (max-width: 771px) 100vw, 771px\" \/><\/div>\n<p><strong>Next Live Streamings<\/strong><\/p>\n<ul>\n<li>ke 27.5. klo 17\u201318: Lue n\u00e4ytelm\u00e4! Kirjailijavieraana Saara Turunen, Kallion kirjasto<\/li>\n<li>ke 3.6.\/ to 4.6.: L\u00e4hetys Kirjastop\u00e4ivilt\u00e4 Oulusta<\/li>\n<\/ul>\n<p><a href=\"\/en\/live\/\">More information on live streams<\/a><\/p>\n\n\n<p><\/p>\n","protected":false},"excerpt":{"rendered":"<p>Next Live Streamings ke 27.5. klo 17\u201318: Lue n\u00e4ytelm\u00e4! Kirjailijavieraana Saara Turunen, Kallion kirjasto ke 3.6.\/ to 4.6.: L\u00e4hetys Kirjastop\u00e4ivilt\u00e4 Oulusta More information on live streams<\/p>\n","protected":false},"author":4,"featured_media":0,"parent":0,"menu_order":0,"comment_status":"closed","ping_status":"closed","template":"","meta":{"footnotes":""},"class_list":["post-377962","page","type-page","status-publish","hentry"],"yoast_head":"<!-- This site is optimized with the Yoast SEO plugin v23.8 - https:\/\/yoast.com\/wordpress\/plugins\/seo\/ -->\n<title>Watch the livestream \u2013 participate online! - Kirjastokaista<\/title>\n<meta name=\"description\" content=\"Next Live Streamings ke 27.5. klo 17\u201318: Lue n\u00e4ytelm\u00e4! Kirjailijavieraana Saara Turunen, Kallion kirjasto ke 3.6.\/ to 4.6.: L\u00e4hetys Kirjastop\u00e4ivilt\u00e4\" \/>\n<meta name=\"robots\" content=\"index, follow, max-snippet:-1, max-image-preview:large, max-video-preview:-1\" \/>\n<link rel=\"canonical\" href=\"https:\/\/www.kirjastokaista.fi\/en\/watch-the-livestream-participate-online\/\" \/>\n<meta property=\"og:locale\" content=\"fi_FI\" \/>\n<meta property=\"og:type\" content=\"article\" \/>\n<meta property=\"og:title\" content=\"Watch the livestream \u2013 participate online! - Kirjastokaista\" \/>\n<meta property=\"og:description\" content=\"Next Live Streamings ke 27.5. klo 17\u201318: Lue n\u00e4ytelm\u00e4! Kirjailijavieraana Saara Turunen, Kallion kirjasto ke 3.6.\/ to 4.6.: L\u00e4hetys Kirjastop\u00e4ivilt\u00e4\" \/>\n<meta property=\"og:url\" content=\"https:\/\/www.kirjastokaista.fi\/en\/watch-the-livestream-participate-online\/\" \/>\n<meta property=\"og:site_name\" content=\"Kirjastokaista\" \/>\n<meta property=\"article:modified_time\" content=\"2026-04-30T06:11:06+00:00\" \/>\n<meta property=\"og:image\" content=\"https:\/\/www.kirjastokaista.fi\/app\/uploads\/2018\/06\/livestream-en.jpg\" \/>\n\t<meta property=\"og:image:width\" content=\"771\" \/>\n\t<meta property=\"og:image:height\" content=\"440\" \/>\n\t<meta property=\"og:image:type\" content=\"image\/jpeg\" \/>\n<meta name=\"twitter:label1\" content=\"Est. reading time\" \/>\n\t<meta name=\"twitter:data1\" content=\"1 minute\" \/>\n<script type=\"application\/ld+json\" class=\"yoast-schema-graph\">{\"@context\":\"https:\/\/schema.org\",\"@graph\":[{\"@type\":\"WebPage\",\"@id\":\"https:\/\/www.kirjastokaista.fi\/en\/watch-the-livestream-participate-online\/\",\"url\":\"https:\/\/www.kirjastokaista.fi\/en\/watch-the-livestream-participate-online\/\",\"name\":\"Watch the livestream \u2013 participate online! - Kirjastokaista\",\"isPartOf\":{\"@id\":\"https:\/\/www.kirjastokaista.fi\/#website\"},\"primaryImageOfPage\":{\"@id\":\"https:\/\/www.kirjastokaista.fi\/en\/watch-the-livestream-participate-online\/#primaryimage\"},\"image\":{\"@id\":\"https:\/\/www.kirjastokaista.fi\/en\/watch-the-livestream-participate-online\/#primaryimage\"},\"thumbnailUrl\":\"http:\/\/www.kirjastokaista.fi\/app\/uploads\/2018\/06\/livestream-en.jpg\",\"datePublished\":\"2018-06-12T07:18:06+00:00\",\"dateModified\":\"2026-04-30T06:11:06+00:00\",\"description\":\"Next Live Streamings ke 27.5. klo 17\u201318: Lue n\u00e4ytelm\u00e4! Kirjailijavieraana Saara Turunen, Kallion kirjasto ke 3.6.\/ to 4.6.: L\u00e4hetys Kirjastop\u00e4ivilt\u00e4\",\"breadcrumb\":{\"@id\":\"https:\/\/www.kirjastokaista.fi\/en\/watch-the-livestream-participate-online\/#breadcrumb\"},\"inLanguage\":\"fi\",\"potentialAction\":[{\"@type\":\"ReadAction\",\"target\":[\"https:\/\/www.kirjastokaista.fi\/en\/watch-the-livestream-participate-online\/\"]}]},{\"@type\":\"ImageObject\",\"inLanguage\":\"fi\",\"@id\":\"https:\/\/www.kirjastokaista.fi\/en\/watch-the-livestream-participate-online\/#primaryimage\",\"url\":\"http:\/\/www.kirjastokaista.fi\/app\/uploads\/2018\/06\/livestream-en.jpg\",\"contentUrl\":\"http:\/\/www.kirjastokaista.fi\/app\/uploads\/2018\/06\/livestream-en.jpg\"},{\"@type\":\"BreadcrumbList\",\"@id\":\"https:\/\/www.kirjastokaista.fi\/en\/watch-the-livestream-participate-online\/#breadcrumb\",\"itemListElement\":[{\"@type\":\"ListItem\",\"position\":1,\"name\":\"Etusivu\",\"item\":\"https:\/\/www.kirjastokaista.fi\/\"},{\"@type\":\"ListItem\",\"position\":2,\"name\":\"Watch the livestream \u2013 participate online!\"}]},{\"@type\":\"WebSite\",\"@id\":\"https:\/\/www.kirjastokaista.fi\/#website\",\"url\":\"https:\/\/www.kirjastokaista.fi\/\",\"name\":\"Kirjastokaista\",\"description\":\"LIBRARY CHANNEL \u2014 Library WebTV\",\"potentialAction\":[{\"@type\":\"SearchAction\",\"target\":{\"@type\":\"EntryPoint\",\"urlTemplate\":\"https:\/\/www.kirjastokaista.fi\/?s={search_term_string}\"},\"query-input\":{\"@type\":\"PropertyValueSpecification\",\"valueRequired\":true,\"valueName\":\"search_term_string\"}}],\"inLanguage\":\"fi\"}]}<\/script>\n<!-- \/ Yoast SEO plugin. -->","yoast_head_json":{"title":"Watch the livestream \u2013 participate online! - Kirjastokaista","description":"Next Live Streamings ke 27.5. klo 17\u201318: Lue n\u00e4ytelm\u00e4! Kirjailijavieraana Saara Turunen, Kallion kirjasto ke 3.6.\/ to 4.6.: L\u00e4hetys Kirjastop\u00e4ivilt\u00e4","robots":{"index":"index","follow":"follow","max-snippet":"max-snippet:-1","max-image-preview":"max-image-preview:large","max-video-preview":"max-video-preview:-1"},"canonical":"https:\/\/www.kirjastokaista.fi\/en\/watch-the-livestream-participate-online\/","og_locale":"fi_FI","og_type":"article","og_title":"Watch the livestream \u2013 participate online! - Kirjastokaista","og_description":"Next Live Streamings ke 27.5. klo 17\u201318: Lue n\u00e4ytelm\u00e4! Kirjailijavieraana Saara Turunen, Kallion kirjasto ke 3.6.\/ to 4.6.: L\u00e4hetys Kirjastop\u00e4ivilt\u00e4","og_url":"https:\/\/www.kirjastokaista.fi\/en\/watch-the-livestream-participate-online\/","og_site_name":"Kirjastokaista","article_modified_time":"2026-04-30T06:11:06+00:00","og_image":[{"width":771,"height":440,"url":"https:\/\/www.kirjastokaista.fi\/app\/uploads\/2018\/06\/livestream-en.jpg","type":"image\/jpeg"}],"twitter_misc":{"Est. reading time":"1 minute"},"schema":{"@context":"https:\/\/schema.org","@graph":[{"@type":"WebPage","@id":"https:\/\/www.kirjastokaista.fi\/en\/watch-the-livestream-participate-online\/","url":"https:\/\/www.kirjastokaista.fi\/en\/watch-the-livestream-participate-online\/","name":"Watch the livestream \u2013 participate online! - Kirjastokaista","isPartOf":{"@id":"https:\/\/www.kirjastokaista.fi\/#website"},"primaryImageOfPage":{"@id":"https:\/\/www.kirjastokaista.fi\/en\/watch-the-livestream-participate-online\/#primaryimage"},"image":{"@id":"https:\/\/www.kirjastokaista.fi\/en\/watch-the-livestream-participate-online\/#primaryimage"},"thumbnailUrl":"http:\/\/www.kirjastokaista.fi\/app\/uploads\/2018\/06\/livestream-en.jpg","datePublished":"2018-06-12T07:18:06+00:00","dateModified":"2026-04-30T06:11:06+00:00","description":"Next Live Streamings ke 27.5. klo 17\u201318: Lue n\u00e4ytelm\u00e4! Kirjailijavieraana Saara Turunen, Kallion kirjasto ke 3.6.\/ to 4.6.: L\u00e4hetys Kirjastop\u00e4ivilt\u00e4","breadcrumb":{"@id":"https:\/\/www.kirjastokaista.fi\/en\/watch-the-livestream-participate-online\/#breadcrumb"},"inLanguage":"fi","potentialAction":[{"@type":"ReadAction","target":["https:\/\/www.kirjastokaista.fi\/en\/watch-the-livestream-participate-online\/"]}]},{"@type":"ImageObject","inLanguage":"fi","@id":"https:\/\/www.kirjastokaista.fi\/en\/watch-the-livestream-participate-online\/#primaryimage","url":"http:\/\/www.kirjastokaista.fi\/app\/uploads\/2018\/06\/livestream-en.jpg","contentUrl":"http:\/\/www.kirjastokaista.fi\/app\/uploads\/2018\/06\/livestream-en.jpg"},{"@type":"BreadcrumbList","@id":"https:\/\/www.kirjastokaista.fi\/en\/watch-the-livestream-participate-online\/#breadcrumb","itemListElement":[{"@type":"ListItem","position":1,"name":"Etusivu","item":"https:\/\/www.kirjastokaista.fi\/"},{"@type":"ListItem","position":2,"name":"Watch the livestream \u2013 participate online!"}]},{"@type":"WebSite","@id":"https:\/\/www.kirjastokaista.fi\/#website","url":"https:\/\/www.kirjastokaista.fi\/","name":"Kirjastokaista","description":"LIBRARY CHANNEL \u2014 Library WebTV","potentialAction":[{"@type":"SearchAction","target":{"@type":"EntryPoint","urlTemplate":"https:\/\/www.kirjastokaista.fi\/?s={search_term_string}"},"query-input":{"@type":"PropertyValueSpecification","valueRequired":true,"valueName":"search_term_string"}}],"inLanguage":"fi"}]}},"_links":{"self":[{"href":"https:\/\/www.kirjastokaista.fi\/wp-json\/wp\/v2\/pages\/377962","targetHints":{"allow":["GET"]}}],"collection":[{"href":"https:\/\/www.kirjastokaista.fi\/wp-json\/wp\/v2\/pages"}],"about":[{"href":"https:\/\/www.kirjastokaista.fi\/wp-json\/wp\/v2\/types\/page"}],"author":[{"embeddable":true,"href":"https:\/\/www.kirjastokaista.fi\/wp-json\/wp\/v2\/users\/4"}],"replies":[{"embeddable":true,"href":"https:\/\/www.kirjastokaista.fi\/wp-json\/wp\/v2\/comments?post=377962"}],"version-history":[{"count":246,"href":"https:\/\/www.kirjastokaista.fi\/wp-json\/wp\/v2\/pages\/377962\/revisions"}],"predecessor-version":[{"id":413652,"href":"https:\/\/www.kirjastokaista.fi\/wp-json\/wp\/v2\/pages\/377962\/revisions\/413652"}],"wp:attachment":[{"href":"https:\/\/www.kirjastokaista.fi\/wp-json\/wp\/v2\/media?parent=377962"}],"curies":[{"name":"wp","href":"https:\/\/api.w.org\/{rel}","templated":true}]}}