{"id":375195,"date":"2013-10-22T15:27:36","date_gmt":"2013-10-22T12:27:36","guid":{"rendered":"http:\/\/www.kirjastokaista.fi\/tietoa-kirjastokaistasta\/"},"modified":"2025-01-02T12:39:07","modified_gmt":"2025-01-02T10:39:07","slug":"about-library-channel","status":"publish","type":"page","link":"https:\/\/www.kirjastokaista.fi\/en\/about-library-channel\/","title":{"rendered":"About Library Channel"},"content":{"rendered":"\n<figure class=\"wp-block-image size-large\"><a href=\"http:\/\/www.kirjastokaista.fi\/app\/uploads\/2022\/02\/Kirjastokaista_info.png\"><img loading=\"lazy\" decoding=\"async\" width=\"771\" height=\"387\" src=\"http:\/\/www.kirjastokaista.fi\/app\/uploads\/2022\/02\/Kirjastokaista_info.png\" alt=\"Kolme henkil\u00f6\u00e4 selin kameraan Kirjastokaista-hupparit p\u00e4\u00e4ll\u00e4\u00e4n.\" class=\"wp-image-399327\" srcset=\"https:\/\/www.kirjastokaista.fi\/app\/uploads\/2022\/02\/Kirjastokaista_info.png 771w, https:\/\/www.kirjastokaista.fi\/app\/uploads\/2022\/02\/Kirjastokaista_info-300x151.png 300w, https:\/\/www.kirjastokaista.fi\/app\/uploads\/2022\/02\/Kirjastokaista_info-768x385.png 768w\" sizes=\"auto, (max-width: 771px) 100vw, 771px\" \/><\/a><\/figure>\n\n\n\n<br>\n<h2>General info<\/h2>\n<p>Library Channel (Kirjastokaista) is a part of Libraries.fi (Kirjastot.fi), which is a gateway to all library services in Finland. In Library Channel you will find videos about books, authors and libraries as well as its services. Library Channel participates in advancing reading, promoting and marketing the library\u2019s services and current themes with its videos. In addition, Library Channel acts as an educational channel, e.g. for library professionals and students.<\/p>\n<p>You can share and embed our videos to different sites or blogs and show them in an event or as a part of a lesson in Finland or abroad. The videos don\u2019t have a limited release time, you are able to watch and listen to them without any limitations.&nbsp;All materials produced by Library Channel are licensed with a Creative Commons license (CC BY-NC-SA).<br><\/p><p><br><\/p>\n<h2>Technical info<\/h2>\n<p>Librarychannel.fi-site has been created using WordPress. Library Channel uses Vimeo to upload its videos and SoundCloud to upload its audio from where they\u2019ll be imported to the librarychannel.fi-site. So you can also watch Library Channel\u2019s videos on <a href=\"http:\/\/vimeo.com\/kirjastokaista\">Vimeo<\/a> and listen to audio in <a href=\"https:\/\/soundcloud.com\/kirjastokaista\">SoundCloud<\/a>. Library Channel also has a <a href=\"https:\/\/www.youtube.com\/user\/Kirjastokaista\">YouTube-channel<\/a> where you\u2019ll find a small, selected collection of its videos.<br><br>Library Channel live-streams events as multi-camera productions and uses&nbsp;<a href=\"https:\/\/vimeo.com\/kirjastokaista\">Vimeo<\/a> as broadcasting platform. You can follow the broadcasts on the <a href=\"https:\/\/www.kirjastokaista.fi\/en\/live\/\">Library Channel Live page.<\/a><\/p>\n<p>All the videos are available in SD-, HD- and Mobile formats and you can view them in almost every device that can play Flash- or HTML5-videos.<br><\/p><p><br><\/p>\n<h2>Crew<\/h2>\n\n<p><strong>Library Channel crew<br><\/strong>Riitta Taarasti: Producer, Editor<br>Mikko Helander: Video Production<br>Joonas Nevalainen: Video Production<br>\n<a href=\"https:\/\/www.kirjastokaista.fi\/en\/contact-information\/\">Contact Information\n<\/a><\/p><br><strong>Library Channel&#8217;s extended crew<\/strong><br>Anna-Maria Malm, Biblioteken.fi: Translator and Assistant Editor for productions in Swedish<br>Harri Oksanen, Libraries.fi: Graphic Designer<br><\/p>\n<p><br><\/p>\n<h2>Background<\/h2>\n<p>Everything started with the Kirjastokanava-project which was initially started together with Kuntakanava (currently Kunta.TV) on the 10th of january 2009. The first user interface was published 11.12.2009 and the first videos were mainly interviews of authors and book presentations of newly published books. Interviews were made by editors Seppo Toivonen, Karo H\u00e4m\u00e4l\u00e4inen and Riitta Taarasti. Due to the release of Library Channel, the radio- and video productions of different libraries have been centralized to a single website, where all programmes are easily found, utilized and shared. Librarychannel.fi\u2019s properties are constantly being developed along with its video production.<\/p>\n<p>Library Channel is being produced by funds granted to Libraries.fi by Ministry of Education and Culture.<br><\/p><p><br><\/p>\n<h2>Accessibility Statement<\/h2>\n<p>Welcome to the accessibility statement of the National Development Services of Helsinki City Library. This website is subject to the Digital Services Act, which requires that all public sector online services in Finland are accessible.<\/p>\n<p>This accessibility statement applies to the website <a href=\"http:\/\/www.kirjastokaista.fi\">kirjastokaista.fi<\/a> as of 23.4.2020. The accessibility of this digital service has been assessed by Annanpura Oy.<\/p>\n<h2>Accessibility status of the digital service<\/h2>\n<p>Meets critical A &amp; AA requirements.<\/p>\n<h2>Inaccessible content in the digital service (according to WCAG criteria)<\/h2>\n<p>The site contains embedded video footage using third-party video players, which may not be fully accessible, e.g. some alt-texts may be in English. Videos released before 23 September 2020 are mostly without subtitles.<\/p>\n<h2>Did you notice any accessibility deficiency in our digital service? Please let us know and we will do our best to rectify it<\/h2>\n<p><strong><a href=\"https:\/\/www.libraries.fi\/feedback\/kirjastokaista?accessibility\">Please use this online form for accessibility feedback<\/a><\/strong>.<\/p>\n<p>You can also send your feedback by e-mail to <a href=\"mailto:toimitus@kirjastot.fi\">toimitus@kirjastot.fi<\/a>.<\/p>\n<h2>Supervisory authority<\/h2>\n<p>If you notice accessibility issues on the website, first give feedback to the website administrator. Receiving a response may take 14 days. If you are not satisfied with the response or you receive no response within two weeks, you can provide feedback to the Finnish Transport and Communications Agency Traficom Digital Accessibility Supervision Unit. Traficom\u2019s accessibility requirements website (saavutettavuusvaatimukset.fi) explains how you can lodge a complaint and how the matter will be processed.<\/p>\n<h3>Contact information of the supervisory authority:<\/h3>\n<p>Finnish Transport and Communications Agency Traficom\n<br>Digital Accessibility Supervision<br><a href=\"https:\/\/www.saavutettavuusvaatimukset.fi\">http:\/\/www.saavutettavuusvaatimukset.fi<\/a><br><a href=\"mailto:saavutettavuus@traficom.fi\">saavutettavuus@traficom.fi<\/a><br> Telephone +358 29 534 5000 (exchange)<\/p>\n\n\n\n<p><\/p>\n","protected":false},"excerpt":{"rendered":"<p>General info Library Channel (Kirjastokaista) is a part of Libraries.fi (Kirjastot.fi), which is a gateway to all library services in Finland. In Library Channel you will find videos about books, [&hellip;]<\/p>\n","protected":false},"author":3,"featured_media":0,"parent":0,"menu_order":0,"comment_status":"open","ping_status":"closed","template":"","meta":{"footnotes":""},"class_list":["post-375195","page","type-page","status-publish","hentry"],"yoast_head":"<!-- This site is optimized with the Yoast SEO plugin v23.8 - https:\/\/yoast.com\/wordpress\/plugins\/seo\/ -->\n<title>About Library Channel - Kirjastokaista<\/title>\n<meta name=\"description\" content=\"Library Channel (Kirjastokaista) is a part of Libraries.fi (Kirjastot.fi), which is a gateway to all library services in Finland. You will find videos and radio programs about books, writers and libraries as well as its services. Library Channel participates in advancing reading, promoting and marketing the library\u2019s services and current themes with its videos. In addition, Library Channel acts as an educational channel e.g. for library professionals and students, teachers and media education professionals.\" \/>\n<meta name=\"robots\" content=\"index, follow, max-snippet:-1, max-image-preview:large, max-video-preview:-1\" \/>\n<link rel=\"canonical\" href=\"https:\/\/www.kirjastokaista.fi\/en\/about-library-channel\/\" \/>\n<meta property=\"og:locale\" content=\"fi_FI\" \/>\n<meta property=\"og:type\" content=\"article\" \/>\n<meta property=\"og:title\" content=\"About Library Channel - Kirjastokaista\" \/>\n<meta property=\"og:description\" content=\"Library Channel (Kirjastokaista) is a part of Libraries.fi (Kirjastot.fi), which is a gateway to all library services in Finland. You will find videos and radio programs about books, writers and libraries as well as its services. Library Channel participates in advancing reading, promoting and marketing the library\u2019s services and current themes with its videos. In addition, Library Channel acts as an educational channel e.g. for library professionals and students, teachers and media education professionals.\" \/>\n<meta property=\"og:url\" content=\"https:\/\/www.kirjastokaista.fi\/en\/about-library-channel\/\" \/>\n<meta property=\"og:site_name\" content=\"Kirjastokaista\" \/>\n<meta property=\"article:modified_time\" content=\"2025-01-02T10:39:07+00:00\" \/>\n<meta property=\"og:image\" content=\"https:\/\/www.kirjastokaista.fi\/app\/uploads\/2022\/02\/Kirjastokaista_info.png\" \/>\n\t<meta property=\"og:image:width\" content=\"771\" \/>\n\t<meta property=\"og:image:height\" content=\"387\" \/>\n\t<meta property=\"og:image:type\" content=\"image\/png\" \/>\n<meta name=\"twitter:label1\" content=\"Est. reading time\" \/>\n\t<meta name=\"twitter:data1\" content=\"5 minutes\" \/>\n<script type=\"application\/ld+json\" class=\"yoast-schema-graph\">{\"@context\":\"https:\/\/schema.org\",\"@graph\":[{\"@type\":\"WebPage\",\"@id\":\"https:\/\/www.kirjastokaista.fi\/en\/about-library-channel\/\",\"url\":\"https:\/\/www.kirjastokaista.fi\/en\/about-library-channel\/\",\"name\":\"About Library Channel - Kirjastokaista\",\"isPartOf\":{\"@id\":\"https:\/\/www.kirjastokaista.fi\/#website\"},\"primaryImageOfPage\":{\"@id\":\"https:\/\/www.kirjastokaista.fi\/en\/about-library-channel\/#primaryimage\"},\"image\":{\"@id\":\"https:\/\/www.kirjastokaista.fi\/en\/about-library-channel\/#primaryimage\"},\"thumbnailUrl\":\"http:\/\/www.kirjastokaista.fi\/app\/uploads\/2022\/02\/Kirjastokaista_info.png\",\"datePublished\":\"2013-10-22T12:27:36+00:00\",\"dateModified\":\"2025-01-02T10:39:07+00:00\",\"description\":\"Library Channel (Kirjastokaista) is a part of Libraries.fi (Kirjastot.fi), which is a gateway to all library services in Finland. You will find videos and radio programs about books, writers and libraries as well as its services. Library Channel participates in advancing reading, promoting and marketing the library\u2019s services and current themes with its videos. In addition, Library Channel acts as an educational channel e.g. for library professionals and students, teachers and media education professionals.\",\"breadcrumb\":{\"@id\":\"https:\/\/www.kirjastokaista.fi\/en\/about-library-channel\/#breadcrumb\"},\"inLanguage\":\"fi\",\"potentialAction\":[{\"@type\":\"ReadAction\",\"target\":[\"https:\/\/www.kirjastokaista.fi\/en\/about-library-channel\/\"]}]},{\"@type\":\"ImageObject\",\"inLanguage\":\"fi\",\"@id\":\"https:\/\/www.kirjastokaista.fi\/en\/about-library-channel\/#primaryimage\",\"url\":\"http:\/\/www.kirjastokaista.fi\/app\/uploads\/2022\/02\/Kirjastokaista_info.png\",\"contentUrl\":\"http:\/\/www.kirjastokaista.fi\/app\/uploads\/2022\/02\/Kirjastokaista_info.png\"},{\"@type\":\"BreadcrumbList\",\"@id\":\"https:\/\/www.kirjastokaista.fi\/en\/about-library-channel\/#breadcrumb\",\"itemListElement\":[{\"@type\":\"ListItem\",\"position\":1,\"name\":\"Etusivu\",\"item\":\"https:\/\/www.kirjastokaista.fi\/\"},{\"@type\":\"ListItem\",\"position\":2,\"name\":\"About Library Channel\"}]},{\"@type\":\"WebSite\",\"@id\":\"https:\/\/www.kirjastokaista.fi\/#website\",\"url\":\"https:\/\/www.kirjastokaista.fi\/\",\"name\":\"Kirjastokaista\",\"description\":\"LIBRARY CHANNEL \u2014 Library WebTV\",\"potentialAction\":[{\"@type\":\"SearchAction\",\"target\":{\"@type\":\"EntryPoint\",\"urlTemplate\":\"https:\/\/www.kirjastokaista.fi\/?s={search_term_string}\"},\"query-input\":{\"@type\":\"PropertyValueSpecification\",\"valueRequired\":true,\"valueName\":\"search_term_string\"}}],\"inLanguage\":\"fi\"}]}<\/script>\n<!-- \/ Yoast SEO plugin. -->","yoast_head_json":{"title":"About Library Channel - Kirjastokaista","description":"Library Channel (Kirjastokaista) is a part of Libraries.fi (Kirjastot.fi), which is a gateway to all library services in Finland. You will find videos and radio programs about books, writers and libraries as well as its services. Library Channel participates in advancing reading, promoting and marketing the library\u2019s services and current themes with its videos. In addition, Library Channel acts as an educational channel e.g. for library professionals and students, teachers and media education professionals.","robots":{"index":"index","follow":"follow","max-snippet":"max-snippet:-1","max-image-preview":"max-image-preview:large","max-video-preview":"max-video-preview:-1"},"canonical":"https:\/\/www.kirjastokaista.fi\/en\/about-library-channel\/","og_locale":"fi_FI","og_type":"article","og_title":"About Library Channel - Kirjastokaista","og_description":"Library Channel (Kirjastokaista) is a part of Libraries.fi (Kirjastot.fi), which is a gateway to all library services in Finland. You will find videos and radio programs about books, writers and libraries as well as its services. Library Channel participates in advancing reading, promoting and marketing the library\u2019s services and current themes with its videos. In addition, Library Channel acts as an educational channel e.g. for library professionals and students, teachers and media education professionals.","og_url":"https:\/\/www.kirjastokaista.fi\/en\/about-library-channel\/","og_site_name":"Kirjastokaista","article_modified_time":"2025-01-02T10:39:07+00:00","og_image":[{"width":771,"height":387,"url":"https:\/\/www.kirjastokaista.fi\/app\/uploads\/2022\/02\/Kirjastokaista_info.png","type":"image\/png"}],"twitter_misc":{"Est. reading time":"5 minutes"},"schema":{"@context":"https:\/\/schema.org","@graph":[{"@type":"WebPage","@id":"https:\/\/www.kirjastokaista.fi\/en\/about-library-channel\/","url":"https:\/\/www.kirjastokaista.fi\/en\/about-library-channel\/","name":"About Library Channel - Kirjastokaista","isPartOf":{"@id":"https:\/\/www.kirjastokaista.fi\/#website"},"primaryImageOfPage":{"@id":"https:\/\/www.kirjastokaista.fi\/en\/about-library-channel\/#primaryimage"},"image":{"@id":"https:\/\/www.kirjastokaista.fi\/en\/about-library-channel\/#primaryimage"},"thumbnailUrl":"http:\/\/www.kirjastokaista.fi\/app\/uploads\/2022\/02\/Kirjastokaista_info.png","datePublished":"2013-10-22T12:27:36+00:00","dateModified":"2025-01-02T10:39:07+00:00","description":"Library Channel (Kirjastokaista) is a part of Libraries.fi (Kirjastot.fi), which is a gateway to all library services in Finland. You will find videos and radio programs about books, writers and libraries as well as its services. Library Channel participates in advancing reading, promoting and marketing the library\u2019s services and current themes with its videos. In addition, Library Channel acts as an educational channel e.g. for library professionals and students, teachers and media education professionals.","breadcrumb":{"@id":"https:\/\/www.kirjastokaista.fi\/en\/about-library-channel\/#breadcrumb"},"inLanguage":"fi","potentialAction":[{"@type":"ReadAction","target":["https:\/\/www.kirjastokaista.fi\/en\/about-library-channel\/"]}]},{"@type":"ImageObject","inLanguage":"fi","@id":"https:\/\/www.kirjastokaista.fi\/en\/about-library-channel\/#primaryimage","url":"http:\/\/www.kirjastokaista.fi\/app\/uploads\/2022\/02\/Kirjastokaista_info.png","contentUrl":"http:\/\/www.kirjastokaista.fi\/app\/uploads\/2022\/02\/Kirjastokaista_info.png"},{"@type":"BreadcrumbList","@id":"https:\/\/www.kirjastokaista.fi\/en\/about-library-channel\/#breadcrumb","itemListElement":[{"@type":"ListItem","position":1,"name":"Etusivu","item":"https:\/\/www.kirjastokaista.fi\/"},{"@type":"ListItem","position":2,"name":"About Library Channel"}]},{"@type":"WebSite","@id":"https:\/\/www.kirjastokaista.fi\/#website","url":"https:\/\/www.kirjastokaista.fi\/","name":"Kirjastokaista","description":"LIBRARY CHANNEL \u2014 Library WebTV","potentialAction":[{"@type":"SearchAction","target":{"@type":"EntryPoint","urlTemplate":"https:\/\/www.kirjastokaista.fi\/?s={search_term_string}"},"query-input":{"@type":"PropertyValueSpecification","valueRequired":true,"valueName":"search_term_string"}}],"inLanguage":"fi"}]}},"_links":{"self":[{"href":"https:\/\/www.kirjastokaista.fi\/wp-json\/wp\/v2\/pages\/375195","targetHints":{"allow":["GET"]}}],"collection":[{"href":"https:\/\/www.kirjastokaista.fi\/wp-json\/wp\/v2\/pages"}],"about":[{"href":"https:\/\/www.kirjastokaista.fi\/wp-json\/wp\/v2\/types\/page"}],"author":[{"embeddable":true,"href":"https:\/\/www.kirjastokaista.fi\/wp-json\/wp\/v2\/users\/3"}],"replies":[{"embeddable":true,"href":"https:\/\/www.kirjastokaista.fi\/wp-json\/wp\/v2\/comments?post=375195"}],"version-history":[{"count":36,"href":"https:\/\/www.kirjastokaista.fi\/wp-json\/wp\/v2\/pages\/375195\/revisions"}],"predecessor-version":[{"id":408723,"href":"https:\/\/www.kirjastokaista.fi\/wp-json\/wp\/v2\/pages\/375195\/revisions\/408723"}],"wp:attachment":[{"href":"https:\/\/www.kirjastokaista.fi\/wp-json\/wp\/v2\/media?parent=375195"}],"curies":[{"name":"wp","href":"https:\/\/api.w.org\/{rel}","templated":true}]}}