{"id":375193,"date":"2013-10-22T15:53:43","date_gmt":"2013-10-22T12:53:43","guid":{"rendered":"http:\/\/www.kirjastokaista.fi\/usein-kysytyt-kysymykset\/"},"modified":"2024-11-18T17:18:39","modified_gmt":"2024-11-18T15:18:39","slug":"frequently-asked-questions","status":"publish","type":"page","link":"https:\/\/www.kirjastokaista.fi\/en\/frequently-asked-questions\/","title":{"rendered":"Frequently Asked Questions"},"content":{"rendered":"\n<figure class=\"wp-block-image size-large\"><a href=\"http:\/\/www.kirjastokaista.fi\/app\/uploads\/2022\/02\/faq-1.jpg\"><img loading=\"lazy\" decoding=\"async\" width=\"771\" height=\"341\" src=\"http:\/\/www.kirjastokaista.fi\/app\/uploads\/2022\/02\/faq-1.jpg\" alt=\"Kirjastokaistan logo kysymysmerkkien ymp\u00e4r\u00f6im\u00e4n\u00e4.\" class=\"wp-image-399312\" srcset=\"https:\/\/www.kirjastokaista.fi\/app\/uploads\/2022\/02\/faq-1.jpg 771w, https:\/\/www.kirjastokaista.fi\/app\/uploads\/2022\/02\/faq-1-300x133.jpg 300w, https:\/\/www.kirjastokaista.fi\/app\/uploads\/2022\/02\/faq-1-768x340.jpg 768w\" sizes=\"auto, (max-width: 771px) 100vw, 771px\" \/><\/a><\/figure>\n\n\n\n<br>\n<h2>Is it allowed to share and publish videos from Library Channel on other websites?<\/h2>\n\n<p>Yes. Programmes are made for free sharing and embedding them to other websites is more than welcome. You can share and embed our videos to different sites or blogs and show them in an event or as a part of a lesson in Finland or abroad. The videos don\u2019t have a limited release time, you are able to watch and listen to them without any limitations. All materials produced by Library Channel are licensed with a Creative Commons license (CC BY-NC-SA). <br><\/p><p><br><\/p>\n\n<h2>How can I add a video from Kirjastokaista to my own website?<\/h2>\n\n<p>There\u2019s an Embed-code -button next to every video. Copy the Embed-code by pushing the &lt;\/&gt;-button. For example, if you want to have the newest video on Kirjastokaista to automatically show up on your website, feel free to contact us. We\u2019ll send you a script that you can add to your website. The desired video can be viewed after you have pasted the embed code on your website or blog post. <br><\/p><p><br><\/p>\n\n<h2>How to share Library Channel&#8217;s videos on social media?<\/h2>\n\n<p>You can easily share our videos in for example Facebook and Twitter. There is a \u2018Share\u2019-button in the top right corner of every Library Channel video. In addition to that there are Facebook and Twitter buttons on every page so you can easily share videos in the services above.<\/p>\n<p>Facebook doesn\u2019t support third party video players anymore. If you try to share a link from YouTube or Vimeo on facebook, it just shows up as a thumbnail + a link to the video. As a result, we only put the shorter social media appropriate videos on facebook for you to share without issues.<br>\n<a href=\"http:\/\/facebook.com\/kirjastokaista\/videos\"> Library Channel&#8217;s Facebook videos<\/a><br><\/p><p><br><\/p>\n\n<h2>How to continuosly loop Library Channel&#8217;s videos for example on an info screen?<\/h2>\n\n<p>Continuously looping a video can be done using an autoplay-code. There\u2019s an example of a continuous loop below. The sequence of numbers in the middle of the URL is the id number of the video. Copy the URL below and change the number sequence into the id of the desired video, now you have created a continuously looping video. You can find the id of the video in the top right corner of the screen under the share-button.<br>\n<a href=\"https:\/\/player.vimeo.com\/video\/237470557?autoplay=1&amp;loop=1&amp;title=0&amp;byline=0&amp;portrait=0\">https:\/\/player.vimeo.com\/video\/237470557?autoplay=1&#038;loop=1&#038;title=0&#038;byline=0&#038;portrait=0<\/a><br><\/p><p><br><\/p>\n\n<h2>Does Library Channel allow videos from other sources to be shown on their website?<\/h2>\n\n<p>Yes. If you or your library produces videos or podcasts that you want to be shown on the Library Channel -website, please contact us.<\/p>\n<p>In order to determine the suitability of the video(s) or podcast(s) for our website, we\u2019ll check that the content and copyrights are compatible with the production guidelines of Library Channel.<\/p>\n<p>You can submit video(s) or podcast(s) to Library Channel in the following ways:<br>\na) Publish it in Vimeo, SoundCloud or YouTube on your own account and we\u2019ll import them to our website by creating an import script. For example, you can create a playlist labeled \u201cLibrary Channel\u201d in one of the previously mentioned services and we can determine that all content from that playlist will automatically be imported onto our website.<br>\nb) Send a download link to the video(s) or podcast(s) you want published on the Library Channel -website and we\u2019ll upload the files on our own Vimeo-, YouTube- or SoundCloud account and publish them on the Library Channel -website. <br><\/p><p><br><\/p>\n\n<h2>How to get Library Channel to stream an event live organized by me or my library?<\/h2>\n\n<p>Library Channel has the resources to live stream two events per month. If you\u2019re about to organize an event you think could have potential to interest a broader audience and be available for viewing after the event is over, please read the instructions on our Live-page and contact us. We aim to live stream important events all over Finland, keeping in mind that our resources for travelling are limited. Library Channel strives to improve geographical equality and accessibility with our live streaming operation. <br><\/p><p><br><\/p>\n\n<h2>Where can I download the Library Channel -logo in good quality?<\/h2>\n\n<p>You can find the Library Channel -logo as well as logos for other Libraries.fi -services in the Libraries.fi \u201cMateriaalipankki\u201d. If you don\u2019t find a logo suitable for your needs, please contact us.<br>\n<a href=\"https:\/\/www.kirjastot.fi\/materiaalipankki\/97?kw=102\">Library Channel\u2019s logos<\/a><br><\/p><p><br><\/p>\n\n<h2>Does Library Channel offer an application development interface?<\/h2>\n\n<p>Library Channel is available through the WordPress Core Rest API (<a href=\"https:\/\/developer.wordpress.org\/rest-api\/\" rel=\"nofollow\">https:\/\/developer.wordpress.org\/rest-api\/<\/a>) and it has been extended with the wpml-wp-rest-api-adapter (<a href=\"https:\/\/github.com\/aaltomeri\/wpml-wp-rest-api-adapter\" rel=\"nofollow\">https:\/\/github.com\/aaltomeri\/wpml-wp-rest-api-adapter<\/a>) plugin and a couple of other additions.<br>\nLibrary channel\u2019s videos and podcasts are imported from Vimeo, YouTube and Soundcloud. There are also several APIs and widgets for those services. <br><\/p><p><br><\/p>\n\n<p>Do you need some additional information? Contact us!<br>\n<a href=\"http:\/\/www.kirjastokaista.fi\/en\/contact-information\/\">Library Channel\u2019s contact information<\/a><\/p>\n","protected":false},"excerpt":{"rendered":"<p>Is it allowed to share and publish videos from Library Channel on other websites? Yes. Programmes are made for free sharing and embedding them to other websites is more than [&hellip;]<\/p>\n","protected":false},"author":3,"featured_media":0,"parent":0,"menu_order":0,"comment_status":"open","ping_status":"closed","template":"","meta":{"footnotes":""},"class_list":["post-375193","page","type-page","status-publish","hentry"],"yoast_head":"<!-- This site is optimized with the Yoast SEO plugin v23.8 - https:\/\/yoast.com\/wordpress\/plugins\/seo\/ -->\n<title>Frequently Asked Questions - Kirjastokaista<\/title>\n<meta name=\"description\" content=\"Frequently Asked Questions\" \/>\n<meta name=\"robots\" content=\"index, follow, max-snippet:-1, max-image-preview:large, max-video-preview:-1\" \/>\n<link rel=\"canonical\" href=\"https:\/\/www.kirjastokaista.fi\/en\/frequently-asked-questions\/\" \/>\n<meta property=\"og:locale\" content=\"fi_FI\" \/>\n<meta property=\"og:type\" content=\"article\" \/>\n<meta property=\"og:title\" content=\"Frequently Asked Questions - Kirjastokaista\" \/>\n<meta property=\"og:description\" content=\"Frequently Asked Questions\" \/>\n<meta property=\"og:url\" content=\"https:\/\/www.kirjastokaista.fi\/en\/frequently-asked-questions\/\" \/>\n<meta property=\"og:site_name\" content=\"Kirjastokaista\" \/>\n<meta property=\"article:modified_time\" content=\"2024-11-18T15:18:39+00:00\" \/>\n<meta property=\"og:image\" content=\"http:\/\/www.kirjastokaista.fi\/app\/uploads\/2022\/02\/faq-1.jpg\" \/>\n<meta name=\"twitter:label1\" content=\"Est. reading time\" \/>\n\t<meta name=\"twitter:data1\" content=\"4 minutes\" \/>\n<script type=\"application\/ld+json\" class=\"yoast-schema-graph\">{\"@context\":\"https:\/\/schema.org\",\"@graph\":[{\"@type\":\"WebPage\",\"@id\":\"https:\/\/www.kirjastokaista.fi\/en\/frequently-asked-questions\/\",\"url\":\"https:\/\/www.kirjastokaista.fi\/en\/frequently-asked-questions\/\",\"name\":\"Frequently Asked Questions - Kirjastokaista\",\"isPartOf\":{\"@id\":\"https:\/\/www.kirjastokaista.fi\/#website\"},\"primaryImageOfPage\":{\"@id\":\"https:\/\/www.kirjastokaista.fi\/en\/frequently-asked-questions\/#primaryimage\"},\"image\":{\"@id\":\"https:\/\/www.kirjastokaista.fi\/en\/frequently-asked-questions\/#primaryimage\"},\"thumbnailUrl\":\"http:\/\/www.kirjastokaista.fi\/app\/uploads\/2022\/02\/faq-1.jpg\",\"datePublished\":\"2013-10-22T12:53:43+00:00\",\"dateModified\":\"2024-11-18T15:18:39+00:00\",\"description\":\"Frequently Asked Questions\",\"breadcrumb\":{\"@id\":\"https:\/\/www.kirjastokaista.fi\/en\/frequently-asked-questions\/#breadcrumb\"},\"inLanguage\":\"fi\",\"potentialAction\":[{\"@type\":\"ReadAction\",\"target\":[\"https:\/\/www.kirjastokaista.fi\/en\/frequently-asked-questions\/\"]}]},{\"@type\":\"ImageObject\",\"inLanguage\":\"fi\",\"@id\":\"https:\/\/www.kirjastokaista.fi\/en\/frequently-asked-questions\/#primaryimage\",\"url\":\"http:\/\/www.kirjastokaista.fi\/app\/uploads\/2022\/02\/faq-1.jpg\",\"contentUrl\":\"http:\/\/www.kirjastokaista.fi\/app\/uploads\/2022\/02\/faq-1.jpg\"},{\"@type\":\"BreadcrumbList\",\"@id\":\"https:\/\/www.kirjastokaista.fi\/en\/frequently-asked-questions\/#breadcrumb\",\"itemListElement\":[{\"@type\":\"ListItem\",\"position\":1,\"name\":\"Etusivu\",\"item\":\"https:\/\/www.kirjastokaista.fi\/\"},{\"@type\":\"ListItem\",\"position\":2,\"name\":\"Frequently Asked Questions\"}]},{\"@type\":\"WebSite\",\"@id\":\"https:\/\/www.kirjastokaista.fi\/#website\",\"url\":\"https:\/\/www.kirjastokaista.fi\/\",\"name\":\"Kirjastokaista\",\"description\":\"LIBRARY CHANNEL \u2014 Library WebTV\",\"potentialAction\":[{\"@type\":\"SearchAction\",\"target\":{\"@type\":\"EntryPoint\",\"urlTemplate\":\"https:\/\/www.kirjastokaista.fi\/?s={search_term_string}\"},\"query-input\":{\"@type\":\"PropertyValueSpecification\",\"valueRequired\":true,\"valueName\":\"search_term_string\"}}],\"inLanguage\":\"fi\"}]}<\/script>\n<!-- \/ Yoast SEO plugin. -->","yoast_head_json":{"title":"Frequently Asked Questions - Kirjastokaista","description":"Frequently Asked Questions","robots":{"index":"index","follow":"follow","max-snippet":"max-snippet:-1","max-image-preview":"max-image-preview:large","max-video-preview":"max-video-preview:-1"},"canonical":"https:\/\/www.kirjastokaista.fi\/en\/frequently-asked-questions\/","og_locale":"fi_FI","og_type":"article","og_title":"Frequently Asked Questions - Kirjastokaista","og_description":"Frequently Asked Questions","og_url":"https:\/\/www.kirjastokaista.fi\/en\/frequently-asked-questions\/","og_site_name":"Kirjastokaista","article_modified_time":"2024-11-18T15:18:39+00:00","og_image":[{"url":"http:\/\/www.kirjastokaista.fi\/app\/uploads\/2022\/02\/faq-1.jpg"}],"twitter_misc":{"Est. reading time":"4 minutes"},"schema":{"@context":"https:\/\/schema.org","@graph":[{"@type":"WebPage","@id":"https:\/\/www.kirjastokaista.fi\/en\/frequently-asked-questions\/","url":"https:\/\/www.kirjastokaista.fi\/en\/frequently-asked-questions\/","name":"Frequently Asked Questions - Kirjastokaista","isPartOf":{"@id":"https:\/\/www.kirjastokaista.fi\/#website"},"primaryImageOfPage":{"@id":"https:\/\/www.kirjastokaista.fi\/en\/frequently-asked-questions\/#primaryimage"},"image":{"@id":"https:\/\/www.kirjastokaista.fi\/en\/frequently-asked-questions\/#primaryimage"},"thumbnailUrl":"http:\/\/www.kirjastokaista.fi\/app\/uploads\/2022\/02\/faq-1.jpg","datePublished":"2013-10-22T12:53:43+00:00","dateModified":"2024-11-18T15:18:39+00:00","description":"Frequently Asked Questions","breadcrumb":{"@id":"https:\/\/www.kirjastokaista.fi\/en\/frequently-asked-questions\/#breadcrumb"},"inLanguage":"fi","potentialAction":[{"@type":"ReadAction","target":["https:\/\/www.kirjastokaista.fi\/en\/frequently-asked-questions\/"]}]},{"@type":"ImageObject","inLanguage":"fi","@id":"https:\/\/www.kirjastokaista.fi\/en\/frequently-asked-questions\/#primaryimage","url":"http:\/\/www.kirjastokaista.fi\/app\/uploads\/2022\/02\/faq-1.jpg","contentUrl":"http:\/\/www.kirjastokaista.fi\/app\/uploads\/2022\/02\/faq-1.jpg"},{"@type":"BreadcrumbList","@id":"https:\/\/www.kirjastokaista.fi\/en\/frequently-asked-questions\/#breadcrumb","itemListElement":[{"@type":"ListItem","position":1,"name":"Etusivu","item":"https:\/\/www.kirjastokaista.fi\/"},{"@type":"ListItem","position":2,"name":"Frequently Asked Questions"}]},{"@type":"WebSite","@id":"https:\/\/www.kirjastokaista.fi\/#website","url":"https:\/\/www.kirjastokaista.fi\/","name":"Kirjastokaista","description":"LIBRARY CHANNEL \u2014 Library WebTV","potentialAction":[{"@type":"SearchAction","target":{"@type":"EntryPoint","urlTemplate":"https:\/\/www.kirjastokaista.fi\/?s={search_term_string}"},"query-input":{"@type":"PropertyValueSpecification","valueRequired":true,"valueName":"search_term_string"}}],"inLanguage":"fi"}]}},"_links":{"self":[{"href":"https:\/\/www.kirjastokaista.fi\/wp-json\/wp\/v2\/pages\/375193","targetHints":{"allow":["GET"]}}],"collection":[{"href":"https:\/\/www.kirjastokaista.fi\/wp-json\/wp\/v2\/pages"}],"about":[{"href":"https:\/\/www.kirjastokaista.fi\/wp-json\/wp\/v2\/types\/page"}],"author":[{"embeddable":true,"href":"https:\/\/www.kirjastokaista.fi\/wp-json\/wp\/v2\/users\/3"}],"replies":[{"embeddable":true,"href":"https:\/\/www.kirjastokaista.fi\/wp-json\/wp\/v2\/comments?post=375193"}],"version-history":[{"count":8,"href":"https:\/\/www.kirjastokaista.fi\/wp-json\/wp\/v2\/pages\/375193\/revisions"}],"predecessor-version":[{"id":408200,"href":"https:\/\/www.kirjastokaista.fi\/wp-json\/wp\/v2\/pages\/375193\/revisions\/408200"}],"wp:attachment":[{"href":"https:\/\/www.kirjastokaista.fi\/wp-json\/wp\/v2\/media?parent=375193"}],"curies":[{"name":"wp","href":"https:\/\/api.w.org\/{rel}","templated":true}]}}